{"id":550000208,"date":"2025-04-08T17:21:57","date_gmt":"2025-04-08T16:21:57","guid":{"rendered":"http:\/\/192.168.147.52\/wordpress\/?post_type=product&#038;p=550000208"},"modified":"2025-04-09T17:43:10","modified_gmt":"2025-04-09T16:43:10","slug":"sata-pistola-jet-x-rp-1-3-i-control-basic","status":"publish","type":"product","link":"https:\/\/www.comertim.pt\/new\/produto\/sata-pistola-jet-x-rp-1-3-i-control-basic\/","title":{"rendered":"SATA PISTOLA JET X RP 1.3 I (CONTROL) BASIC"},"content":{"rendered":"<div class=\"col-md-6 hero-module--left-md--2p7s5\">\n<p class=\"hero-module--copy--1hcj9\">Tecnologia de bico superior. Fun\u00e7\u00f5es digitais inovadoras. Ergonomia aprimorada e solu\u00e7\u00f5es detalhadas exclusivas. O jet X aperfei\u00e7oa o que a SATA representa.<\/p>\n<p class=\"hero-module--copy--1hcj9\">O inovador sistema de fluxo de ar em labirinto guia o ar no bico para que ele saia livre de turbul\u00eancia e pulsa\u00e7\u00e3o &#8211; o resultado \u00e9 uma atomiza\u00e7\u00e3o excepcionalmente fina e homog\u00eanea. A distribui\u00e7\u00e3o otimizada do material e o padr\u00e3o de pulveriza\u00e7\u00e3o uniforme com zonas de desbotamento claramente definidas resultam em uma sensa\u00e7\u00e3o de pintura controlada e imediata. O jet X \u00e9 a nova refer\u00eancia na classe premium.<\/p>\n<\/div>\n<div class=\"col-md-6 hero-module--right-md--9nfO8\">\n<div class=\"hero-module--hero-image-container--JHEeM\">\n<div><\/div>\n<div class=\"product-icons-module--product-icons--1MDFK\">\n<div class=\"product-icons-module--product-icon--2GGvg\">\n<div>\n<div class=\"product-icons-module--product-icon-inner--3TOwu\">Vantagens do produto<\/div>\n<\/div>\n<\/div>\n<\/div>\n<\/div>\n<\/div>\n<div class=\"col-md-6 hero-module--left-md--2p7s5 hero-module--row2-md--2E-y_\">\n<ul class=\"hero-module--list--RmOLe\">\n<li class=\"hero-module--list-item--1ul8A\">Sistema inovador de fluxo de ar em labirinto para atomiza\u00e7\u00e3o excepcional<\/li>\n<li class=\"hero-module--list-item--1ul8A\">Padr\u00e3o de pulveriza\u00e7\u00e3o uniforme com zonas de desbotamento claramente definidas<\/li>\n<li class=\"hero-module--list-item--1ul8A\">Dois formatos de jato: \u201cO\u201d (velocidade) e \u201cI\u201d (controle) com dimens\u00f5es de leque constantes para todos os tamanhos de bico<\/li>\n<li class=\"hero-module--list-item--1ul8A\">Dispon\u00edvel nas seguintes vers\u00f5es: BASIC, DIGITAL ready, DIGITAL e DIGITAL pro<\/li>\n<li class=\"hero-module--list-item--1ul8A\">jet X DIGITAL pro: Exibi\u00e7\u00e3o da press\u00e3o de entrada, tempo de opera\u00e7\u00e3o e temperatura ambiente; valor alvo ajust\u00e1vel para a press\u00e3o de entrada com fun\u00e7\u00e3o de alarme; painel digital; mudan\u00e7a f\u00e1cil de bar para psi e de \u00b0C para \u00b0F e muito mais<\/li>\n<\/ul>\n<\/div>\n","protected":false},"excerpt":{"rendered":"<p>Tecnologia de bico superior. Fun\u00e7\u00f5es digitais inovadoras. Ergonomia aprimorada e solu\u00e7\u00f5es detalhadas exclusivas. O jet X aperfei\u00e7oa o que a SATA representa. O inovador sistema de fluxo de ar em labirinto guia o ar no bico para que ele saia livre de turbul\u00eancia e pulsa\u00e7\u00e3o &#8211; o resultado \u00e9 uma atomiza\u00e7\u00e3o excepcionalmente fina e homog\u00eanea. [&hellip;]<\/p>\n","protected":false},"featured_media":550002460,"template":"","meta":[],"product_brand":[],"product_cat":[478],"product_tag":[1058],"class_list":{"0":"post-550000208","1":"product","2":"type-product","3":"status-publish","4":"has-post-thumbnail","6":"product_cat-equipamento","7":"product_tag-sata","9":"entry","10":"has-media","12":"first","13":"instock","14":"sale","15":"taxable","16":"shipping-taxable","17":"product-type-simple","18":"has-product-nav","19":"col","20":"span_1_of_4","21":"owp-content-center","22":"item-entry","23":"owp-thumbs-layout-horizontal","24":"owp-btn-normal","25":"owp-tabs-layout-vertical","26":"has-no-thumbnails"},"_links":{"self":[{"href":"https:\/\/www.comertim.pt\/new\/wp-json\/wp\/v2\/product\/550000208","targetHints":{"allow":["GET"]}}],"collection":[{"href":"https:\/\/www.comertim.pt\/new\/wp-json\/wp\/v2\/product"}],"about":[{"href":"https:\/\/www.comertim.pt\/new\/wp-json\/wp\/v2\/types\/product"}],"wp:featuredmedia":[{"embeddable":true,"href":"https:\/\/www.comertim.pt\/new\/wp-json\/wp\/v2\/media\/550002460"}],"wp:attachment":[{"href":"https:\/\/www.comertim.pt\/new\/wp-json\/wp\/v2\/media?parent=550000208"}],"wp:term":[{"taxonomy":"product_brand","embeddable":true,"href":"https:\/\/www.comertim.pt\/new\/wp-json\/wp\/v2\/product_brand?post=550000208"},{"taxonomy":"product_cat","embeddable":true,"href":"https:\/\/www.comertim.pt\/new\/wp-json\/wp\/v2\/product_cat?post=550000208"},{"taxonomy":"product_tag","embeddable":true,"href":"https:\/\/www.comertim.pt\/new\/wp-json\/wp\/v2\/product_tag?post=550000208"}],"curies":[{"name":"wp","href":"https:\/\/api.w.org\/{rel}","templated":true}]}}