{"id":26238,"date":"2024-06-17T10:05:58","date_gmt":"2024-06-17T09:05:58","guid":{"rendered":"https:\/\/virtualimit.pt\/?post_type=product&#038;p=26238"},"modified":"2025-04-09T17:43:11","modified_gmt":"2025-04-09T16:43:11","slug":"bs-kit-copos-bps-blue-125my-200ml","status":"publish","type":"product","link":"https:\/\/www.comertim.pt\/new\/produto\/bs-kit-copos-bps-blue-125my-200ml\/","title":{"rendered":"BS KIT COPOS BPS-BLUE 125MY 200ML"},"content":{"rendered":"<p>Sua principal vantagem em rela\u00e7\u00e3o a outros produtos similares no mercado est\u00e1 no seu sistema de fechamento, uma rosca que permite o fechamento por press\u00e3o r\u00e1pido e seguro, o que facilita e agiliza muito o trabalho do pintor em rela\u00e7\u00e3o aos sistemas tradicionais. Seu filtro incorporado na tampa permite filtrar e pulverizar na mesma solu\u00e7\u00e3o, e tamb\u00e9m inclui uma tampa para armazenamento tempor\u00e1rio do excesso de material.<\/p>\n<p>Juntamente com o copo de mistura calibrado, o sistema de pintura Bossauto oferece uma solu\u00e7\u00e3o abrangente que permite que o mesmo copo seja usado para mistura e pintura. Por ser reutiliz\u00e1vel, economiza custos no processo de pintura.<\/p>\n<p>O sistema de copos flex\u00edveis descart\u00e1veis foi concebido para criar um v\u00e1cuo, que permite pintar a 360o de forma homog\u00e9nea. O sistema de pintura Bossauto \u00e9 adequado para aplica\u00e7\u00e3o de tinta, verniz e aparelho.<\/p>\n","protected":false},"excerpt":{"rendered":"<p>Sua principal vantagem em rela\u00e7\u00e3o a outros produtos similares no mercado est\u00e1 no seu sistema de fechamento, uma rosca que permite o fechamento por press\u00e3o r\u00e1pido e seguro, o que facilita e agiliza muito o trabalho do pintor em rela\u00e7\u00e3o aos sistemas tradicionais. Seu filtro incorporado na tampa permite filtrar e pulverizar na mesma solu\u00e7\u00e3o, [&hellip;]<\/p>\n","protected":false},"featured_media":550002471,"template":"","meta":[],"product_brand":[],"product_cat":[435],"product_tag":[1018],"class_list":{"0":"post-26238","1":"product","2":"type-product","3":"status-publish","4":"has-post-thumbnail","6":"product_cat-anexos-pintura","7":"product_tag-bossauto","9":"entry","10":"has-media","12":"first","13":"instock","14":"taxable","15":"shipping-taxable","16":"product-type-simple","17":"has-product-nav","18":"col","19":"span_1_of_4","20":"owp-content-center","21":"item-entry","22":"owp-thumbs-layout-horizontal","23":"owp-btn-normal","24":"owp-tabs-layout-vertical"},"_links":{"self":[{"href":"https:\/\/www.comertim.pt\/new\/wp-json\/wp\/v2\/product\/26238","targetHints":{"allow":["GET"]}}],"collection":[{"href":"https:\/\/www.comertim.pt\/new\/wp-json\/wp\/v2\/product"}],"about":[{"href":"https:\/\/www.comertim.pt\/new\/wp-json\/wp\/v2\/types\/product"}],"wp:featuredmedia":[{"embeddable":true,"href":"https:\/\/www.comertim.pt\/new\/wp-json\/wp\/v2\/media\/550002471"}],"wp:attachment":[{"href":"https:\/\/www.comertim.pt\/new\/wp-json\/wp\/v2\/media?parent=26238"}],"wp:term":[{"taxonomy":"product_brand","embeddable":true,"href":"https:\/\/www.comertim.pt\/new\/wp-json\/wp\/v2\/product_brand?post=26238"},{"taxonomy":"product_cat","embeddable":true,"href":"https:\/\/www.comertim.pt\/new\/wp-json\/wp\/v2\/product_cat?post=26238"},{"taxonomy":"product_tag","embeddable":true,"href":"https:\/\/www.comertim.pt\/new\/wp-json\/wp\/v2\/product_tag?post=26238"}],"curies":[{"name":"wp","href":"https:\/\/api.w.org\/{rel}","templated":true}]}}