{"id":25593,"date":"2024-04-16T17:17:27","date_gmt":"2024-04-16T16:17:27","guid":{"rendered":"https:\/\/virtualimit.pt\/produto\/bs-disco-velcro-15h-p-60-caixa-50-uds\/"},"modified":"2025-04-10T11:04:11","modified_gmt":"2025-04-10T10:04:11","slug":"bs-disco-velcro-15h-caixa-50-uds","status":"publish","type":"product","link":"https:\/\/www.comertim.pt\/new\/produto\/bs-disco-velcro-15h-caixa-50-uds\/","title":{"rendered":"BS DISCO VELCRO 15H (CAIXA 100 UDS.)"},"content":{"rendered":"<p>Novos discos que permitem uma extra\u00e7\u00e3o de p\u00f3 mais r\u00e1pida e eficiente. Formato de 15 furos com di\u00e2metro maior que os anteriores. LINE URAX ? um papel premium feito com granula\u00e7\u00e3o de alta qualidade, papel l\u00e1tex e resina muito dura. Assim, ? \u00c9 poss\u00edvel melhorar o desempenho e prolongar a vida \u00edtil do produto.<\/p>\n","protected":false},"excerpt":{"rendered":"<p>Novos discos que permitem uma extra\u00e7\u00e3o de p\u00f3 mais r\u00e1pida e eficiente. Formato de 15 furos com di\u00e2metro maior que os anteriores. LINE URAX ? um papel premium feito com granula\u00e7\u00e3o de alta qualidade, papel l\u00e1tex e resina muito dura. Assim, ? \u00c9 poss\u00edvel melhorar o desempenho e prolongar a vida \u00edtil do produto.<\/p>\n","protected":false},"featured_media":550002712,"template":"","meta":[],"product_brand":[],"product_cat":[1215],"product_tag":[1018],"class_list":{"0":"post-25593","1":"product","2":"type-product","3":"status-publish","4":"has-post-thumbnail","6":"product_cat-abrasivos","7":"product_tag-bossauto","9":"entry","10":"has-media","12":"first","13":"instock","14":"taxable","15":"shipping-taxable","16":"product-type-variable","17":"has-product-nav","18":"col","19":"span_1_of_4","20":"owp-content-center","21":"item-entry","22":"owp-thumbs-layout-horizontal","23":"owp-btn-normal","24":"owp-tabs-layout-vertical","25":"has-no-thumbnails"},"_links":{"self":[{"href":"https:\/\/www.comertim.pt\/new\/wp-json\/wp\/v2\/product\/25593","targetHints":{"allow":["GET"]}}],"collection":[{"href":"https:\/\/www.comertim.pt\/new\/wp-json\/wp\/v2\/product"}],"about":[{"href":"https:\/\/www.comertim.pt\/new\/wp-json\/wp\/v2\/types\/product"}],"wp:featuredmedia":[{"embeddable":true,"href":"https:\/\/www.comertim.pt\/new\/wp-json\/wp\/v2\/media\/550002712"}],"wp:attachment":[{"href":"https:\/\/www.comertim.pt\/new\/wp-json\/wp\/v2\/media?parent=25593"}],"wp:term":[{"taxonomy":"product_brand","embeddable":true,"href":"https:\/\/www.comertim.pt\/new\/wp-json\/wp\/v2\/product_brand?post=25593"},{"taxonomy":"product_cat","embeddable":true,"href":"https:\/\/www.comertim.pt\/new\/wp-json\/wp\/v2\/product_cat?post=25593"},{"taxonomy":"product_tag","embeddable":true,"href":"https:\/\/www.comertim.pt\/new\/wp-json\/wp\/v2\/product_tag?post=25593"}],"curies":[{"name":"wp","href":"https:\/\/api.w.org\/{rel}","templated":true}]}}