{"id":25243,"date":"2024-04-10T17:26:06","date_gmt":"2024-04-10T16:26:06","guid":{"rendered":"https:\/\/virtualimit.pt\/?post_type=product&#038;p=25243"},"modified":"2025-04-09T17:43:26","modified_gmt":"2025-04-09T16:43:26","slug":"n-kit-iniciacao-clay-1-disco1luva1liquid-ice1pano","status":"publish","type":"product","link":"https:\/\/www.comertim.pt\/new\/produto\/n-kit-iniciacao-clay-1-disco1luva1liquid-ice1pano\/","title":{"rendered":"N-KIT INICIACAO CLAY (1 DISCO+1LUVA+1LIQUID ICE+1PANO )"},"content":{"rendered":"<p>\u2022 O Kit de Inicia\u00e7\u00e3o Norton Clay cont\u00e9m: 1 Disco Clay, 1 Luva Clay, 1 Liquid Ice Detailer Spray e 1 Pano Microfibra Blue Magnet.<\/p>\n","protected":false},"excerpt":{"rendered":"<p>\u2022 O Kit de Inicia\u00e7\u00e3o Norton Clay cont\u00e9m: 1 Disco Clay, 1 Luva Clay, 1 Liquid Ice Detailer Spray e 1 Pano Microfibra Blue Magnet.<\/p>\n","protected":false},"featured_media":550002777,"template":"","meta":[],"product_brand":[],"product_cat":[519],"product_tag":[1044],"class_list":{"0":"post-25243","1":"product","2":"type-product","3":"status-publish","4":"has-post-thumbnail","6":"product_cat-polimento","7":"product_tag-norton","9":"entry","10":"has-media","12":"first","13":"instock","14":"taxable","15":"shipping-taxable","16":"product-type-simple","17":"has-product-nav","18":"col","19":"span_1_of_4","20":"owp-content-center","21":"item-entry","22":"owp-thumbs-layout-horizontal","23":"owp-btn-normal","24":"owp-tabs-layout-vertical","25":"has-no-thumbnails"},"_links":{"self":[{"href":"https:\/\/www.comertim.pt\/new\/wp-json\/wp\/v2\/product\/25243","targetHints":{"allow":["GET"]}}],"collection":[{"href":"https:\/\/www.comertim.pt\/new\/wp-json\/wp\/v2\/product"}],"about":[{"href":"https:\/\/www.comertim.pt\/new\/wp-json\/wp\/v2\/types\/product"}],"wp:featuredmedia":[{"embeddable":true,"href":"https:\/\/www.comertim.pt\/new\/wp-json\/wp\/v2\/media\/550002777"}],"wp:attachment":[{"href":"https:\/\/www.comertim.pt\/new\/wp-json\/wp\/v2\/media?parent=25243"}],"wp:term":[{"taxonomy":"product_brand","embeddable":true,"href":"https:\/\/www.comertim.pt\/new\/wp-json\/wp\/v2\/product_brand?post=25243"},{"taxonomy":"product_cat","embeddable":true,"href":"https:\/\/www.comertim.pt\/new\/wp-json\/wp\/v2\/product_cat?post=25243"},{"taxonomy":"product_tag","embeddable":true,"href":"https:\/\/www.comertim.pt\/new\/wp-json\/wp\/v2\/product_tag?post=25243"}],"curies":[{"name":"wp","href":"https:\/\/api.w.org\/{rel}","templated":true}]}}