{"id":25233,"date":"2024-04-10T17:08:51","date_gmt":"2024-04-10T16:08:51","guid":{"rendered":"https:\/\/virtualimit.pt\/?post_type=product&#038;p=25233"},"modified":"2025-04-09T17:43:26","modified_gmt":"2025-04-09T16:43:26","slug":"n-disco-speedlok-tr-vortex-rapid-prep-50mm-s2203-medio-red","status":"publish","type":"product","link":"https:\/\/www.comertim.pt\/new\/produto\/n-disco-speedlok-tr-vortex-rapid-prep-50mm-s2203-medio-red\/","title":{"rendered":"N-DISCO SPEEDLOK TR VORTEX RAPID PREP 50MM S2203 MEDIO red"},"content":{"rendered":"<p>\u2022 Apresenta uma camada espessa de gr\u00e3o Vortex especializado, que estende a vida \u00fatil do produto e elimina sequ\u00eancias de gr\u00e3os ao combinar a velocidade de corte de gr\u00e3os duros com o acabamento de gr\u00e3os finos\u2022 O avan\u00e7ado sistema de resina e o gr\u00e3o Vortex especializado conferem um acabamento superior e sem manchas, e n\u00e3o empapam em alum\u00ednio ou noutros metais macios semelhantes\u2022 Resistente ao desgaste dos bordos, o disco dura at\u00e9 quatro vezes mais do que os produtos concorrentes<\/p>\n","protected":false},"excerpt":{"rendered":"<p>\u2022 Apresenta uma camada espessa de gr\u00e3o Vortex especializado, que estende a vida \u00fatil do produto e elimina sequ\u00eancias de gr\u00e3os ao combinar a velocidade de corte de gr\u00e3os duros com o acabamento de gr\u00e3os finos\u2022 O avan\u00e7ado sistema de resina e o gr\u00e3o Vortex especializado conferem um acabamento superior e sem manchas, e n\u00e3o [&hellip;]<\/p>\n","protected":false},"featured_media":550002780,"template":"","meta":[],"product_brand":[],"product_cat":[1215],"product_tag":[1044],"class_list":{"0":"post-25233","1":"product","2":"type-product","3":"status-publish","4":"has-post-thumbnail","6":"product_cat-abrasivos","7":"product_tag-norton","9":"entry","10":"has-media","12":"first","13":"instock","14":"taxable","15":"shipping-taxable","16":"product-type-simple","17":"has-product-nav","18":"col","19":"span_1_of_4","20":"owp-content-center","21":"item-entry","22":"owp-thumbs-layout-horizontal","23":"owp-btn-normal","24":"owp-tabs-layout-vertical","25":"has-no-thumbnails"},"_links":{"self":[{"href":"https:\/\/www.comertim.pt\/new\/wp-json\/wp\/v2\/product\/25233","targetHints":{"allow":["GET"]}}],"collection":[{"href":"https:\/\/www.comertim.pt\/new\/wp-json\/wp\/v2\/product"}],"about":[{"href":"https:\/\/www.comertim.pt\/new\/wp-json\/wp\/v2\/types\/product"}],"wp:featuredmedia":[{"embeddable":true,"href":"https:\/\/www.comertim.pt\/new\/wp-json\/wp\/v2\/media\/550002780"}],"wp:attachment":[{"href":"https:\/\/www.comertim.pt\/new\/wp-json\/wp\/v2\/media?parent=25233"}],"wp:term":[{"taxonomy":"product_brand","embeddable":true,"href":"https:\/\/www.comertim.pt\/new\/wp-json\/wp\/v2\/product_brand?post=25233"},{"taxonomy":"product_cat","embeddable":true,"href":"https:\/\/www.comertim.pt\/new\/wp-json\/wp\/v2\/product_cat?post=25233"},{"taxonomy":"product_tag","embeddable":true,"href":"https:\/\/www.comertim.pt\/new\/wp-json\/wp\/v2\/product_tag?post=25233"}],"curies":[{"name":"wp","href":"https:\/\/api.w.org\/{rel}","templated":true}]}}