{"id":25228,"date":"2024-04-10T17:02:21","date_gmt":"2024-04-10T16:02:21","guid":{"rendered":"https:\/\/virtualimit.pt\/?post_type=product&#038;p=25228"},"modified":"2025-04-09T17:43:26","modified_gmt":"2025-04-09T16:43:26","slug":"n-disco-speedlok-tr-norzon-r884-50mm-p-80-63642560884","status":"publish","type":"product","link":"https:\/\/www.comertim.pt\/new\/produto\/n-disco-speedlok-tr-norzon-r884-50mm-p-80-63642560884\/","title":{"rendered":"N-DISCO SPEEDLOK TR NORZON R884 50MM P.80 63642560884"},"content":{"rendered":"<p>\u2022 O gr\u00e3o premium Norzon auto-afiado oferece capacidade de corte r\u00e1pida e altas taxas de remo\u00e7\u00e3o de material\u2022 O sistema de fixa\u00e7\u00e3o SpeedLok torna a troca dos discos r\u00e1pida e f\u00e1cil, reduzind+M129o o tempo do processo\u2022 Desbaste, mistura e acabamento s\u00e3o poss\u00edveis usando a mesma ferramenta, pois os discos Norzon est\u00e3o dispon\u00edveis numa ampla variedade de tamanhos de gr\u00e3os<\/p>\n","protected":false},"excerpt":{"rendered":"<p>\u2022 O gr\u00e3o premium Norzon auto-afiado oferece capacidade de corte r\u00e1pida e altas taxas de remo\u00e7\u00e3o de material\u2022 O sistema de fixa\u00e7\u00e3o SpeedLok torna a troca dos discos r\u00e1pida e f\u00e1cil, reduzind+M129o o tempo do processo\u2022 Desbaste, mistura e acabamento s\u00e3o poss\u00edveis usando a mesma ferramenta, pois os discos Norzon est\u00e3o dispon\u00edveis numa ampla variedade [&hellip;]<\/p>\n","protected":false},"featured_media":550002783,"template":"","meta":[],"product_brand":[],"product_cat":[1215],"product_tag":[1044],"class_list":{"0":"post-25228","1":"product","2":"type-product","3":"status-publish","4":"has-post-thumbnail","6":"product_cat-abrasivos","7":"product_tag-norton","9":"entry","10":"has-media","12":"first","13":"instock","14":"taxable","15":"shipping-taxable","16":"product-type-simple","17":"has-product-nav","18":"col","19":"span_1_of_4","20":"owp-content-center","21":"item-entry","22":"owp-thumbs-layout-horizontal","23":"owp-btn-normal","24":"owp-tabs-layout-vertical","25":"has-no-thumbnails"},"_links":{"self":[{"href":"https:\/\/www.comertim.pt\/new\/wp-json\/wp\/v2\/product\/25228","targetHints":{"allow":["GET"]}}],"collection":[{"href":"https:\/\/www.comertim.pt\/new\/wp-json\/wp\/v2\/product"}],"about":[{"href":"https:\/\/www.comertim.pt\/new\/wp-json\/wp\/v2\/types\/product"}],"wp:featuredmedia":[{"embeddable":true,"href":"https:\/\/www.comertim.pt\/new\/wp-json\/wp\/v2\/media\/550002783"}],"wp:attachment":[{"href":"https:\/\/www.comertim.pt\/new\/wp-json\/wp\/v2\/media?parent=25228"}],"wp:term":[{"taxonomy":"product_brand","embeddable":true,"href":"https:\/\/www.comertim.pt\/new\/wp-json\/wp\/v2\/product_brand?post=25228"},{"taxonomy":"product_cat","embeddable":true,"href":"https:\/\/www.comertim.pt\/new\/wp-json\/wp\/v2\/product_cat?post=25228"},{"taxonomy":"product_tag","embeddable":true,"href":"https:\/\/www.comertim.pt\/new\/wp-json\/wp\/v2\/product_tag?post=25228"}],"curies":[{"name":"wp","href":"https:\/\/api.w.org\/{rel}","templated":true}]}}