{"id":25209,"date":"2024-04-10T16:21:38","date_gmt":"2024-04-10T15:21:38","guid":{"rendered":"https:\/\/virtualimit.pt\/?post_type=product&#038;p=25209"},"modified":"2025-04-09T17:43:26","modified_gmt":"2025-04-09T16:43:26","slug":"luva-3l-unigrip-or-laranja-cx50-2550-m","status":"publish","type":"product","link":"https:\/\/www.comertim.pt\/new\/produto\/luva-3l-unigrip-or-laranja-cx50-2550-m\/","title":{"rendered":"LUVA 3L UNIGRIP OR LARANJA CX50 2550 M"},"content":{"rendered":"<p>Luvas descart\u00e1veis de prote\u00e7\u00e3o qu\u00edmica.<\/p>\n<p>Palma e dorso com textura de diamante.<\/p>\n<p>Grande ader\u00eancia gra\u00e7as \u00e0 sua textura.<\/p>\n<p>Alta resist\u00eancia ao rasgo superior a um descart\u00e1vel tradicional.<\/p>\n<p>Livre de silicones, n\u00e3o cont\u00e9m prote\u00ednas. Ambidestro.<\/p>\n<p>Comprimento m\u00ednimo de 240 mm<\/p>\n<p>Cor: Laranja<\/p>\n<p>Materiais: Nitrilo<\/p>\n<p>Espessura: 0,15<\/p>\n<p>Normas: EN ISO 374-1, EN ISO 374-5<\/p>\n","protected":false},"excerpt":{"rendered":"<p>Luvas descart\u00e1veis de prote\u00e7\u00e3o qu\u00edmica. Palma e dorso com textura de diamante. Grande ader\u00eancia gra\u00e7as \u00e0 sua textura. Alta resist\u00eancia ao rasgo superior a um descart\u00e1vel tradicional. Livre de silicones, n\u00e3o cont\u00e9m prote\u00ednas. Ambidestro. Comprimento m\u00ednimo de 240 mm Cor: Laranja Materiais: Nitrilo Espessura: 0,15 Normas: EN ISO 374-1, EN ISO 374-5<\/p>\n","protected":false},"featured_media":550002789,"template":"","meta":[],"product_brand":[],"product_cat":[536],"product_tag":[1008],"class_list":{"0":"post-25209","1":"product","2":"type-product","3":"status-publish","4":"has-post-thumbnail","6":"product_cat-protecao-pessoal","7":"product_tag-3l","9":"entry","10":"has-media","12":"first","13":"instock","14":"taxable","15":"shipping-taxable","16":"product-type-simple","17":"has-product-nav","18":"col","19":"span_1_of_4","20":"owp-content-center","21":"item-entry","22":"owp-thumbs-layout-horizontal","23":"owp-btn-normal","24":"owp-tabs-layout-vertical"},"_links":{"self":[{"href":"https:\/\/www.comertim.pt\/new\/wp-json\/wp\/v2\/product\/25209","targetHints":{"allow":["GET"]}}],"collection":[{"href":"https:\/\/www.comertim.pt\/new\/wp-json\/wp\/v2\/product"}],"about":[{"href":"https:\/\/www.comertim.pt\/new\/wp-json\/wp\/v2\/types\/product"}],"wp:featuredmedia":[{"embeddable":true,"href":"https:\/\/www.comertim.pt\/new\/wp-json\/wp\/v2\/media\/550002789"}],"wp:attachment":[{"href":"https:\/\/www.comertim.pt\/new\/wp-json\/wp\/v2\/media?parent=25209"}],"wp:term":[{"taxonomy":"product_brand","embeddable":true,"href":"https:\/\/www.comertim.pt\/new\/wp-json\/wp\/v2\/product_brand?post=25209"},{"taxonomy":"product_cat","embeddable":true,"href":"https:\/\/www.comertim.pt\/new\/wp-json\/wp\/v2\/product_cat?post=25209"},{"taxonomy":"product_tag","embeddable":true,"href":"https:\/\/www.comertim.pt\/new\/wp-json\/wp\/v2\/product_tag?post=25209"}],"curies":[{"name":"wp","href":"https:\/\/api.w.org\/{rel}","templated":true}]}}