{"id":25191,"date":"2024-04-10T15:22:35","date_gmt":"2024-04-10T14:22:35","guid":{"rendered":"https:\/\/virtualimit.pt\/?post_type=product&#038;p=25191"},"modified":"2025-04-09T17:43:26","modified_gmt":"2025-04-09T16:43:26","slug":"bs-taco-velcro-plano-para-discos-150mm","status":"publish","type":"product","link":"https:\/\/www.comertim.pt\/new\/produto\/bs-taco-velcro-plano-para-discos-150mm\/","title":{"rendered":"BS TACO VELCRO PLANO PARA DISCOS 150mm"},"content":{"rendered":"<p>Manopla que utiliza toda a superf\u00edcie do disco de lixa para um maior aproveitamento do mesmo, tornando a lixagem da superf\u00edcie mais homog\u00e9nea.<\/p>\n","protected":false},"excerpt":{"rendered":"<p>Manopla que utiliza toda a superf\u00edcie do disco de lixa para um maior aproveitamento do mesmo, tornando a lixagem da superf\u00edcie mais homog\u00e9nea.<\/p>\n","protected":false},"featured_media":550002795,"template":"","meta":[],"product_brand":[],"product_cat":[426],"product_tag":[1018],"class_list":{"0":"post-25191","1":"product","2":"type-product","3":"status-publish","4":"has-post-thumbnail","6":"product_cat-acessorios","7":"product_tag-bossauto","9":"entry","10":"has-media","12":"first","13":"instock","14":"taxable","15":"shipping-taxable","16":"product-type-simple","17":"has-product-nav","18":"col","19":"span_1_of_4","20":"owp-content-center","21":"item-entry","22":"owp-thumbs-layout-horizontal","23":"owp-btn-normal","24":"owp-tabs-layout-vertical","25":"has-no-thumbnails"},"_links":{"self":[{"href":"https:\/\/www.comertim.pt\/new\/wp-json\/wp\/v2\/product\/25191","targetHints":{"allow":["GET"]}}],"collection":[{"href":"https:\/\/www.comertim.pt\/new\/wp-json\/wp\/v2\/product"}],"about":[{"href":"https:\/\/www.comertim.pt\/new\/wp-json\/wp\/v2\/types\/product"}],"wp:featuredmedia":[{"embeddable":true,"href":"https:\/\/www.comertim.pt\/new\/wp-json\/wp\/v2\/media\/550002795"}],"wp:attachment":[{"href":"https:\/\/www.comertim.pt\/new\/wp-json\/wp\/v2\/media?parent=25191"}],"wp:term":[{"taxonomy":"product_brand","embeddable":true,"href":"https:\/\/www.comertim.pt\/new\/wp-json\/wp\/v2\/product_brand?post=25191"},{"taxonomy":"product_cat","embeddable":true,"href":"https:\/\/www.comertim.pt\/new\/wp-json\/wp\/v2\/product_cat?post=25191"},{"taxonomy":"product_tag","embeddable":true,"href":"https:\/\/www.comertim.pt\/new\/wp-json\/wp\/v2\/product_tag?post=25191"}],"curies":[{"name":"wp","href":"https:\/\/api.w.org\/{rel}","templated":true}]}}