{"id":25186,"date":"2024-04-10T15:09:19","date_gmt":"2024-04-10T14:09:19","guid":{"rendered":"https:\/\/virtualimit.pt\/?post_type=product&#038;p=25186"},"modified":"2025-04-09T17:43:27","modified_gmt":"2025-04-09T16:43:27","slug":"bs-fita-americana-negra-hq-50mmx50m","status":"publish","type":"product","link":"https:\/\/www.comertim.pt\/new\/produto\/bs-fita-americana-negra-hq-50mmx50m\/","title":{"rendered":"BS FITA AMERICANA NEGRA HQ 50MMX50M"},"content":{"rendered":"<p>Gra\u00e7as ao seu adesivo forte, esta fita \u00e9 de qualidade profissional, com boa resist\u00eancia \u00e0 temperatura e \u00f3tima ades\u00e3o a superf\u00edcies \u00e1speras e lisas, inclusive pedra e concreto. O trabalho de renova\u00e7\u00e3o \u00e9 especialmente adequado.<\/p>\n","protected":false},"excerpt":{"rendered":"<p>Gra\u00e7as ao seu adesivo forte, esta fita \u00e9 de qualidade profissional, com boa resist\u00eancia \u00e0 temperatura e \u00f3tima ades\u00e3o a superf\u00edcies \u00e1speras e lisas, inclusive pedra e concreto. O trabalho de renova\u00e7\u00e3o \u00e9 especialmente adequado.<\/p>\n","protected":false},"featured_media":550002797,"template":"","meta":[],"product_brand":[],"product_cat":[456],"product_tag":[1018],"class_list":{"0":"post-25186","1":"product","2":"type-product","3":"status-publish","4":"has-post-thumbnail","6":"product_cat-colas-e-selantes","7":"product_tag-bossauto","9":"entry","10":"has-media","12":"first","13":"instock","14":"taxable","15":"shipping-taxable","16":"product-type-simple","17":"has-product-nav","18":"col","19":"span_1_of_4","20":"owp-content-center","21":"item-entry","22":"owp-thumbs-layout-horizontal","23":"owp-btn-normal","24":"owp-tabs-layout-vertical","25":"has-no-thumbnails"},"_links":{"self":[{"href":"https:\/\/www.comertim.pt\/new\/wp-json\/wp\/v2\/product\/25186","targetHints":{"allow":["GET"]}}],"collection":[{"href":"https:\/\/www.comertim.pt\/new\/wp-json\/wp\/v2\/product"}],"about":[{"href":"https:\/\/www.comertim.pt\/new\/wp-json\/wp\/v2\/types\/product"}],"wp:featuredmedia":[{"embeddable":true,"href":"https:\/\/www.comertim.pt\/new\/wp-json\/wp\/v2\/media\/550002797"}],"wp:attachment":[{"href":"https:\/\/www.comertim.pt\/new\/wp-json\/wp\/v2\/media?parent=25186"}],"wp:term":[{"taxonomy":"product_brand","embeddable":true,"href":"https:\/\/www.comertim.pt\/new\/wp-json\/wp\/v2\/product_brand?post=25186"},{"taxonomy":"product_cat","embeddable":true,"href":"https:\/\/www.comertim.pt\/new\/wp-json\/wp\/v2\/product_cat?post=25186"},{"taxonomy":"product_tag","embeddable":true,"href":"https:\/\/www.comertim.pt\/new\/wp-json\/wp\/v2\/product_tag?post=25186"}],"curies":[{"name":"wp","href":"https:\/\/api.w.org\/{rel}","templated":true}]}}