{"id":25137,"date":"2024-03-28T15:29:17","date_gmt":"2024-03-28T15:29:17","guid":{"rendered":"https:\/\/virtualimit.pt\/?post_type=product&#038;p=25137"},"modified":"2025-04-09T17:43:27","modified_gmt":"2025-04-09T16:43:27","slug":"farecla-g360-kit-polimento-completo-842090104981","status":"publish","type":"product","link":"https:\/\/www.comertim.pt\/new\/produto\/farecla-g360-kit-polimento-completo-842090104981\/","title":{"rendered":"FARECLA G360 KIT POLIMENTO COMPLETO 842090104981"},"content":{"rendered":"<p>Kit composto por:<\/p>\n<p>1-G360 SUPER FAST COMPOUND<\/p>\n<p>1-G360 SUPER FAST FINISH<\/p>\n<p>1-SPRAY CLEAN &amp; PROTECT<\/p>\n<p>1-BOINA GMC650<\/p>\n<p>1-BOINA ANGULAR GMC622<\/p>\n<p>1-BOINA ANGULAR GMF622<\/p>\n<p>1-ESCOVA LIMPEZA BOINAS<\/p>\n<p>3-MICROFIBRAS<\/p>\n<p>&nbsp;<\/p>\n<p>Novas boinas de espuma de corte e acabamento (amarela e preta), com maior densidade kg\/cm2 e forma c\u00f3nica que permite a utiliza\u00e7\u00e3o do sistema G360 nas polidoras Roto-Orbitais\/Dual Action (as anteriores eram apenas adequadas para as polidoras Rotativas);<\/p>\n<p>Nova escova ergon\u00f3mica de limpeza (com dupla fun\u00e7\u00e3o \u2013 boina de micro fibra e de espuma) de cor amarela e com o logotipo da marca;<\/p>\n<p>NOVO Spray CLEAN &amp; PROTECT &#8211; 3 em 1:<\/p>\n<p>Remo\u00e7\u00e3o do excedente das massas ap\u00f3s polimento;<\/p>\n<p>Intensifica\u00e7\u00e3o do brilho final;<\/p>\n<p>Cria\u00e7\u00e3o de uma barreira protetora contra os UV e de repel\u00eancia \u00e0 chuva<\/p>\n","protected":false},"excerpt":{"rendered":"<p>Kit composto por: 1-G360 SUPER FAST COMPOUND 1-G360 SUPER FAST FINISH 1-SPRAY CLEAN &amp; PROTECT 1-BOINA GMC650 1-BOINA ANGULAR GMC622 1-BOINA ANGULAR GMF622 1-ESCOVA LIMPEZA BOINAS 3-MICROFIBRAS &nbsp; Novas boinas de espuma de corte e acabamento (amarela e preta), com maior densidade kg\/cm2 e forma c\u00f3nica que permite a utiliza\u00e7\u00e3o do sistema G360 nas polidoras [&hellip;]<\/p>\n","protected":false},"featured_media":550002802,"template":"","meta":[],"product_brand":[],"product_cat":[519],"product_tag":[1110],"class_list":{"0":"post-25137","1":"product","2":"type-product","3":"status-publish","4":"has-post-thumbnail","6":"product_cat-polimento","7":"product_tag-farecla","9":"entry","10":"has-media","12":"first","13":"instock","14":"taxable","15":"shipping-taxable","16":"product-type-simple","17":"has-product-nav","18":"col","19":"span_1_of_4","20":"owp-content-center","21":"item-entry","22":"owp-thumbs-layout-horizontal","23":"owp-btn-normal","24":"owp-tabs-layout-vertical","25":"has-no-thumbnails"},"_links":{"self":[{"href":"https:\/\/www.comertim.pt\/new\/wp-json\/wp\/v2\/product\/25137","targetHints":{"allow":["GET"]}}],"collection":[{"href":"https:\/\/www.comertim.pt\/new\/wp-json\/wp\/v2\/product"}],"about":[{"href":"https:\/\/www.comertim.pt\/new\/wp-json\/wp\/v2\/types\/product"}],"wp:featuredmedia":[{"embeddable":true,"href":"https:\/\/www.comertim.pt\/new\/wp-json\/wp\/v2\/media\/550002802"}],"wp:attachment":[{"href":"https:\/\/www.comertim.pt\/new\/wp-json\/wp\/v2\/media?parent=25137"}],"wp:term":[{"taxonomy":"product_brand","embeddable":true,"href":"https:\/\/www.comertim.pt\/new\/wp-json\/wp\/v2\/product_brand?post=25137"},{"taxonomy":"product_cat","embeddable":true,"href":"https:\/\/www.comertim.pt\/new\/wp-json\/wp\/v2\/product_cat?post=25137"},{"taxonomy":"product_tag","embeddable":true,"href":"https:\/\/www.comertim.pt\/new\/wp-json\/wp\/v2\/product_tag?post=25137"}],"curies":[{"name":"wp","href":"https:\/\/api.w.org\/{rel}","templated":true}]}}