{"id":24925,"date":"2023-03-09T17:56:46","date_gmt":"2023-03-09T17:56:46","guid":{"rendered":"https:\/\/virtualimit.pt\/?post_type=product&#038;p=24925"},"modified":"2025-04-09T17:44:07","modified_gmt":"2025-04-09T16:44:07","slug":"fato-pintura-polytec-air-preto","status":"publish","type":"product","link":"https:\/\/www.comertim.pt\/new\/produto\/fato-pintura-polytec-air-preto\/","title":{"rendered":"FATO PINTURA POLYTEC AIR &#8211; PRETO"},"content":{"rendered":"<p>\u2022 100% Poli\u00e9ster \u2022 Tecido TRIGON respir\u00e1vel nas costas\u2022 Antiest\u00e1tico, sem silicone, sem fiapos \u2022 Inser\u00e7\u00e3o de malha respir\u00e1vel sob as axilas\u2022 Cor preta com listras vermelhas e cinza prateado \u2022 Capuz ajust\u00e1vel com cord\u00e3o\u2022 Equipamento de prote\u00e7\u00e3o individual \u2022 Bolso no peito com aba protetora e velcro, 1 bolso traseiro\u2022 PPE KAT I de acordo com a Diretiva da UE 2016\/425 \u2022 Z\u00edper de 2 vias de alta qualidade com puxador de borracha Icon\u2022 Marca\u00e7\u00e3o CE, DIN EN ISO 13688:2013 \u2022 Confort\u00e1veis ??punhos de nylon no pulso, el\u00e1sticos nos tornozelos\u2022 Antiest\u00e1tico EN1149-1: 2006 \u2022 Bolsos nos joelhos para joelheiras EVA dispon\u00edveis opcionalmente\u2022 Lav\u00e1vel at\u00e9 40\u00b0C ou a seco \u2022 Embalado individualmente em polybag<\/p>\n","protected":false},"excerpt":{"rendered":"<p>\u2022 100% Poli\u00e9ster \u2022 Tecido TRIGON respir\u00e1vel nas costas\u2022 Antiest\u00e1tico, sem silicone, sem fiapos \u2022 Inser\u00e7\u00e3o de malha respir\u00e1vel sob as axilas\u2022 Cor preta com listras vermelhas e cinza prateado \u2022 Capuz ajust\u00e1vel com cord\u00e3o\u2022 Equipamento de prote\u00e7\u00e3o individual \u2022 Bolso no peito com aba protetora e velcro, 1 bolso traseiro\u2022 PPE KAT I de [&hellip;]<\/p>\n","protected":false},"featured_media":550002809,"template":"","meta":[],"product_brand":[],"product_cat":[536],"product_tag":[1684],"class_list":{"0":"post-24925","1":"product","2":"type-product","3":"status-publish","4":"has-post-thumbnail","6":"product_cat-protecao-pessoal","7":"product_tag-pelatec","9":"entry","10":"has-media","12":"first","13":"instock","14":"taxable","15":"shipping-taxable","16":"product-type-variable","17":"has-product-nav","18":"col","19":"span_1_of_4","20":"owp-content-center","21":"item-entry","22":"owp-thumbs-layout-horizontal","23":"owp-btn-normal","24":"owp-tabs-layout-vertical","25":"has-no-thumbnails"},"_links":{"self":[{"href":"https:\/\/www.comertim.pt\/new\/wp-json\/wp\/v2\/product\/24925","targetHints":{"allow":["GET"]}}],"collection":[{"href":"https:\/\/www.comertim.pt\/new\/wp-json\/wp\/v2\/product"}],"about":[{"href":"https:\/\/www.comertim.pt\/new\/wp-json\/wp\/v2\/types\/product"}],"wp:featuredmedia":[{"embeddable":true,"href":"https:\/\/www.comertim.pt\/new\/wp-json\/wp\/v2\/media\/550002809"}],"wp:attachment":[{"href":"https:\/\/www.comertim.pt\/new\/wp-json\/wp\/v2\/media?parent=24925"}],"wp:term":[{"taxonomy":"product_brand","embeddable":true,"href":"https:\/\/www.comertim.pt\/new\/wp-json\/wp\/v2\/product_brand?post=24925"},{"taxonomy":"product_cat","embeddable":true,"href":"https:\/\/www.comertim.pt\/new\/wp-json\/wp\/v2\/product_cat?post=24925"},{"taxonomy":"product_tag","embeddable":true,"href":"https:\/\/www.comertim.pt\/new\/wp-json\/wp\/v2\/product_tag?post=24925"}],"curies":[{"name":"wp","href":"https:\/\/api.w.org\/{rel}","templated":true}]}}