{"id":24705,"date":"2022-12-06T14:44:20","date_gmt":"2022-12-06T14:44:20","guid":{"rendered":"https:\/\/virtualimit.pt\/?post_type=product&#038;p=24705"},"modified":"2025-04-09T17:43:28","modified_gmt":"2025-04-09T16:43:28","slug":"8k-espatula-descartavel-plastica-p-mexer-tinta-20cm-box-100","status":"publish","type":"product","link":"https:\/\/www.comertim.pt\/new\/produto\/8k-espatula-descartavel-plastica-p-mexer-tinta-20cm-box-100\/","title":{"rendered":"8K ESPATULA DESCARTAVEL PLASTICA P MEXER TINTA 20CM BOX 100"},"content":{"rendered":"<p>L\u00e2minas s\u00e3o feitas de mistura de pl\u00e1stico reciclado.<\/p>\n","protected":false},"excerpt":{"rendered":"<p>L\u00e2minas s\u00e3o feitas de mistura de pl\u00e1stico reciclado.<\/p>\n","protected":false},"featured_media":550002819,"template":"","meta":[],"product_brand":[],"product_cat":[435],"product_tag":[1014],"class_list":{"0":"post-24705","1":"product","2":"type-product","3":"status-publish","4":"has-post-thumbnail","6":"product_cat-anexos-pintura","7":"product_tag-8k","9":"entry","10":"has-media","12":"first","13":"instock","14":"taxable","15":"shipping-taxable","16":"product-type-simple","17":"has-product-nav","18":"col","19":"span_1_of_4","20":"owp-content-center","21":"item-entry","22":"owp-thumbs-layout-horizontal","23":"owp-btn-normal","24":"owp-tabs-layout-vertical","25":"has-no-thumbnails"},"_links":{"self":[{"href":"https:\/\/www.comertim.pt\/new\/wp-json\/wp\/v2\/product\/24705","targetHints":{"allow":["GET"]}}],"collection":[{"href":"https:\/\/www.comertim.pt\/new\/wp-json\/wp\/v2\/product"}],"about":[{"href":"https:\/\/www.comertim.pt\/new\/wp-json\/wp\/v2\/types\/product"}],"wp:featuredmedia":[{"embeddable":true,"href":"https:\/\/www.comertim.pt\/new\/wp-json\/wp\/v2\/media\/550002819"}],"wp:attachment":[{"href":"https:\/\/www.comertim.pt\/new\/wp-json\/wp\/v2\/media?parent=24705"}],"wp:term":[{"taxonomy":"product_brand","embeddable":true,"href":"https:\/\/www.comertim.pt\/new\/wp-json\/wp\/v2\/product_brand?post=24705"},{"taxonomy":"product_cat","embeddable":true,"href":"https:\/\/www.comertim.pt\/new\/wp-json\/wp\/v2\/product_cat?post=24705"},{"taxonomy":"product_tag","embeddable":true,"href":"https:\/\/www.comertim.pt\/new\/wp-json\/wp\/v2\/product_tag?post=24705"}],"curies":[{"name":"wp","href":"https:\/\/api.w.org\/{rel}","templated":true}]}}