{"id":24684,"date":"2022-11-25T16:52:46","date_gmt":"2022-11-25T16:52:46","guid":{"rendered":"https:\/\/virtualimit.pt\/?post_type=product&#038;p=24684"},"modified":"2025-04-09T17:43:28","modified_gmt":"2025-04-09T16:43:28","slug":"wd-40-spray-penetrante-lubrificante-500ml","status":"publish","type":"product","link":"https:\/\/www.comertim.pt\/new\/produto\/wd-40-spray-penetrante-lubrificante-500ml\/","title":{"rendered":"WD-40 SPRAY PENETRANTE LUBRIFICANTE 500ML"},"content":{"rendered":"<p>Spray Penetrante\/Lubrificante 500ml Bico Duplo<\/p>\n<p>WD-40 Multi-Uso Dupla A\u00e7\u00e3o<\/p>\n<p>WD-40 Produto Multiusos protege o metal contra a oxida\u00e7\u00e3o e corros\u00e3o, liberta pe\u00e7as presas, repele a humidade e lubrifica praticamente tudo.<\/p>\n<p>Remove inclusive \u00f3leo, gordura, poeiras entre outras sujidades da maioria das superf\u00edcies.<\/p>\n","protected":false},"excerpt":{"rendered":"<p>Spray Penetrante\/Lubrificante 500ml Bico Duplo WD-40 Multi-Uso Dupla A\u00e7\u00e3o WD-40 Produto Multiusos protege o metal contra a oxida\u00e7\u00e3o e corros\u00e3o, liberta pe\u00e7as presas, repele a humidade e lubrifica praticamente tudo. Remove inclusive \u00f3leo, gordura, poeiras entre outras sujidades da maioria das superf\u00edcies.<\/p>\n","protected":false},"featured_media":550002823,"template":"","meta":[],"product_brand":[],"product_cat":[497],"product_tag":[1682],"class_list":{"0":"post-24684","1":"product","2":"type-product","3":"status-publish","4":"has-post-thumbnail","6":"product_cat-manutencao","7":"product_tag-wd40","9":"entry","10":"has-media","12":"first","13":"instock","14":"taxable","15":"shipping-taxable","16":"product-type-simple","17":"has-product-nav","18":"col","19":"span_1_of_4","20":"owp-content-center","21":"item-entry","22":"owp-thumbs-layout-horizontal","23":"owp-btn-normal","24":"owp-tabs-layout-vertical","25":"has-no-thumbnails"},"_links":{"self":[{"href":"https:\/\/www.comertim.pt\/new\/wp-json\/wp\/v2\/product\/24684","targetHints":{"allow":["GET"]}}],"collection":[{"href":"https:\/\/www.comertim.pt\/new\/wp-json\/wp\/v2\/product"}],"about":[{"href":"https:\/\/www.comertim.pt\/new\/wp-json\/wp\/v2\/types\/product"}],"wp:featuredmedia":[{"embeddable":true,"href":"https:\/\/www.comertim.pt\/new\/wp-json\/wp\/v2\/media\/550002823"}],"wp:attachment":[{"href":"https:\/\/www.comertim.pt\/new\/wp-json\/wp\/v2\/media?parent=24684"}],"wp:term":[{"taxonomy":"product_brand","embeddable":true,"href":"https:\/\/www.comertim.pt\/new\/wp-json\/wp\/v2\/product_brand?post=24684"},{"taxonomy":"product_cat","embeddable":true,"href":"https:\/\/www.comertim.pt\/new\/wp-json\/wp\/v2\/product_cat?post=24684"},{"taxonomy":"product_tag","embeddable":true,"href":"https:\/\/www.comertim.pt\/new\/wp-json\/wp\/v2\/product_tag?post=24684"}],"curies":[{"name":"wp","href":"https:\/\/api.w.org\/{rel}","templated":true}]}}