{"id":24668,"date":"2022-11-25T15:54:28","date_gmt":"2022-11-25T15:54:28","guid":{"rendered":"https:\/\/virtualimit.pt\/?post_type=product&#038;p=24668"},"modified":"2025-04-09T17:44:08","modified_gmt":"2025-04-09T16:44:08","slug":"n-disco-fibra-125x22-f100-66623385764","status":"publish","type":"product","link":"https:\/\/www.comertim.pt\/new\/produto\/n-disco-fibra-125x22-f100-66623385764\/","title":{"rendered":"N-DISCO FIBRA 125X22 F100 66623385764"},"content":{"rendered":"<table border=\"0\" cellspacing=\"0\">\n<colgroup width=\"2192\"><\/colgroup>\n<tbody>\n<tr>\n<td align=\"left\" height=\"32\">O gr\u00e3oo de \u00f3xido de alum\u00ednio resistente e os aditivos de debaste adicionais tornam o F100 ideal para a\u00e7o e ligas de metal<\/p>\n<p>\ufffd O suporte de fibra com 0,8\/0,6mm permite uma boa durabilidade do produto em aplica\u00e7\u00f5es de remo\u00e7\u00e3o de metal<\/td>\n<\/tr>\n<\/tbody>\n<\/table>\n","protected":false},"excerpt":{"rendered":"<p>O gr\u00e3oo de \u00f3xido de alum\u00ednio resistente e os aditivos de debaste adicionais tornam o F100 ideal para a\u00e7o e ligas de metal \ufffd O suporte de fibra com 0,8\/0,6mm permite uma boa durabilidade do produto em aplica\u00e7\u00f5es de remo\u00e7\u00e3o de metal<\/p>\n","protected":false},"featured_media":550002829,"template":"","meta":[],"product_brand":[],"product_cat":[1215],"product_tag":[1044],"class_list":{"0":"post-24668","1":"product","2":"type-product","3":"status-publish","4":"has-post-thumbnail","6":"product_cat-abrasivos","7":"product_tag-norton","9":"entry","10":"has-media","12":"first","13":"instock","14":"taxable","15":"shipping-taxable","16":"product-type-variable","17":"has-product-nav","18":"col","19":"span_1_of_4","20":"owp-content-center","21":"item-entry","22":"owp-thumbs-layout-horizontal","23":"owp-btn-normal","24":"owp-tabs-layout-vertical","25":"has-no-thumbnails"},"_links":{"self":[{"href":"https:\/\/www.comertim.pt\/new\/wp-json\/wp\/v2\/product\/24668","targetHints":{"allow":["GET"]}}],"collection":[{"href":"https:\/\/www.comertim.pt\/new\/wp-json\/wp\/v2\/product"}],"about":[{"href":"https:\/\/www.comertim.pt\/new\/wp-json\/wp\/v2\/types\/product"}],"wp:featuredmedia":[{"embeddable":true,"href":"https:\/\/www.comertim.pt\/new\/wp-json\/wp\/v2\/media\/550002829"}],"wp:attachment":[{"href":"https:\/\/www.comertim.pt\/new\/wp-json\/wp\/v2\/media?parent=24668"}],"wp:term":[{"taxonomy":"product_brand","embeddable":true,"href":"https:\/\/www.comertim.pt\/new\/wp-json\/wp\/v2\/product_brand?post=24668"},{"taxonomy":"product_cat","embeddable":true,"href":"https:\/\/www.comertim.pt\/new\/wp-json\/wp\/v2\/product_cat?post=24668"},{"taxonomy":"product_tag","embeddable":true,"href":"https:\/\/www.comertim.pt\/new\/wp-json\/wp\/v2\/product_tag?post=24668"}],"curies":[{"name":"wp","href":"https:\/\/api.w.org\/{rel}","templated":true}]}}