{"id":24511,"date":"2022-11-22T18:22:48","date_gmt":"2022-11-22T18:22:48","guid":{"rendered":"https:\/\/virtualimit.pt\/?post_type=product&#038;p=24511"},"modified":"2025-04-09T17:43:30","modified_gmt":"2025-04-09T16:43:30","slug":"stark-00143-detergente-para-camioes-5l","status":"publish","type":"product","link":"https:\/\/www.comertim.pt\/new\/produto\/stark-00143-detergente-para-camioes-5l\/","title":{"rendered":"STARK 00143 DETERGENTE PARA CAMIOES 5L"},"content":{"rendered":"<p>Detergente especial para aplica\u00e7\u00e3o em m\u00e1quinas de press\u00e3o e manuais. Ideal para lavagem de caminh\u00f5es, tanques, ve\u00edculos &#8211;<\/p>\n<p>carros, tratores, etc. Muito eficaz na limpeza de carrocerias. Grande capacidade de eliminar a eletricidade est\u00e1tica.<\/p>\n<p>Cont\u00e9m aditivos que aceleram a secagem da superf\u00edcie e inibidores de corros\u00e3o.<\/p>\n","protected":false},"excerpt":{"rendered":"<p>Detergente especial para aplica\u00e7\u00e3o em m\u00e1quinas de press\u00e3o e manuais. Ideal para lavagem de caminh\u00f5es, tanques, ve\u00edculos &#8211; carros, tratores, etc. Muito eficaz na limpeza de carrocerias. Grande capacidade de eliminar a eletricidade est\u00e1tica. Cont\u00e9m aditivos que aceleram a secagem da superf\u00edcie e inibidores de corros\u00e3o.<\/p>\n","protected":false},"featured_media":550002842,"template":"","meta":[],"product_brand":[],"product_cat":[493],"product_tag":[1675],"class_list":{"0":"post-24511","1":"product","2":"type-product","3":"status-publish","4":"has-post-thumbnail","6":"product_cat-lavagem","7":"product_tag-stark","9":"entry","10":"has-media","12":"first","13":"instock","14":"taxable","15":"shipping-taxable","16":"product-type-simple","17":"has-product-nav","18":"col","19":"span_1_of_4","20":"owp-content-center","21":"item-entry","22":"owp-thumbs-layout-horizontal","23":"owp-btn-normal","24":"owp-tabs-layout-vertical","25":"has-no-thumbnails"},"_links":{"self":[{"href":"https:\/\/www.comertim.pt\/new\/wp-json\/wp\/v2\/product\/24511","targetHints":{"allow":["GET"]}}],"collection":[{"href":"https:\/\/www.comertim.pt\/new\/wp-json\/wp\/v2\/product"}],"about":[{"href":"https:\/\/www.comertim.pt\/new\/wp-json\/wp\/v2\/types\/product"}],"wp:featuredmedia":[{"embeddable":true,"href":"https:\/\/www.comertim.pt\/new\/wp-json\/wp\/v2\/media\/550002842"}],"wp:attachment":[{"href":"https:\/\/www.comertim.pt\/new\/wp-json\/wp\/v2\/media?parent=24511"}],"wp:term":[{"taxonomy":"product_brand","embeddable":true,"href":"https:\/\/www.comertim.pt\/new\/wp-json\/wp\/v2\/product_brand?post=24511"},{"taxonomy":"product_cat","embeddable":true,"href":"https:\/\/www.comertim.pt\/new\/wp-json\/wp\/v2\/product_cat?post=24511"},{"taxonomy":"product_tag","embeddable":true,"href":"https:\/\/www.comertim.pt\/new\/wp-json\/wp\/v2\/product_tag?post=24511"}],"curies":[{"name":"wp","href":"https:\/\/api.w.org\/{rel}","templated":true}]}}