{"id":24507,"date":"2022-11-22T18:13:47","date_gmt":"2022-11-22T18:13:47","guid":{"rendered":"https:\/\/virtualimit.pt\/?post_type=product&#038;p=24507"},"modified":"2025-04-09T17:44:08","modified_gmt":"2025-04-09T16:44:08","slug":"stark-00134-desengordurante-concentrado-5l","status":"publish","type":"product","link":"https:\/\/www.comertim.pt\/new\/produto\/stark-00134-desengordurante-concentrado-5l\/","title":{"rendered":"STARK 00134 DESENGORDURANTE CONCENTRADO 5L"},"content":{"rendered":"<p>Desengordurante indicado para a limpeza de superf\u00edcies muito sujas e oleosas como motores, pe\u00e7as met\u00e1licas,<\/p>\n<p>Pisos, lonas, parte inferior de caminh\u00f5es e carros, pneus, etc. Dilu\u00eddo na propor\u00e7\u00e3o certa remove sem esfor\u00e7o<\/p>\n<p>manchas causadas pelo impacto de insetos em carrocerias e para-brisas. Deve ser usado com cautela em<\/p>\n<p>metais leves e coloridos (alum\u00ednio, estanho, bronze, lat\u00e3o, etc.).<\/p>\n","protected":false},"excerpt":{"rendered":"<p>Desengordurante indicado para a limpeza de superf\u00edcies muito sujas e oleosas como motores, pe\u00e7as met\u00e1licas, Pisos, lonas, parte inferior de caminh\u00f5es e carros, pneus, etc. Dilu\u00eddo na propor\u00e7\u00e3o certa remove sem esfor\u00e7o manchas causadas pelo impacto de insetos em carrocerias e para-brisas. Deve ser usado com cautela em metais leves e coloridos (alum\u00ednio, estanho, bronze, [&hellip;]<\/p>\n","protected":false},"featured_media":550002844,"template":"","meta":[],"product_brand":[],"product_cat":[493],"product_tag":[1675],"class_list":{"0":"post-24507","1":"product","2":"type-product","3":"status-publish","4":"has-post-thumbnail","6":"product_cat-lavagem","7":"product_tag-stark","9":"entry","10":"has-media","12":"first","13":"instock","14":"taxable","15":"shipping-taxable","16":"product-type-variable","17":"has-product-nav","18":"col","19":"span_1_of_4","20":"owp-content-center","21":"item-entry","22":"owp-thumbs-layout-horizontal","23":"owp-btn-normal","24":"owp-tabs-layout-vertical","25":"has-no-thumbnails"},"_links":{"self":[{"href":"https:\/\/www.comertim.pt\/new\/wp-json\/wp\/v2\/product\/24507","targetHints":{"allow":["GET"]}}],"collection":[{"href":"https:\/\/www.comertim.pt\/new\/wp-json\/wp\/v2\/product"}],"about":[{"href":"https:\/\/www.comertim.pt\/new\/wp-json\/wp\/v2\/types\/product"}],"wp:featuredmedia":[{"embeddable":true,"href":"https:\/\/www.comertim.pt\/new\/wp-json\/wp\/v2\/media\/550002844"}],"wp:attachment":[{"href":"https:\/\/www.comertim.pt\/new\/wp-json\/wp\/v2\/media?parent=24507"}],"wp:term":[{"taxonomy":"product_brand","embeddable":true,"href":"https:\/\/www.comertim.pt\/new\/wp-json\/wp\/v2\/product_brand?post=24507"},{"taxonomy":"product_cat","embeddable":true,"href":"https:\/\/www.comertim.pt\/new\/wp-json\/wp\/v2\/product_cat?post=24507"},{"taxonomy":"product_tag","embeddable":true,"href":"https:\/\/www.comertim.pt\/new\/wp-json\/wp\/v2\/product_tag?post=24507"}],"curies":[{"name":"wp","href":"https:\/\/api.w.org\/{rel}","templated":true}]}}