{"id":24505,"date":"2022-11-22T18:10:45","date_gmt":"2022-11-22T18:10:45","guid":{"rendered":"https:\/\/virtualimit.pt\/?post_type=product&#038;p=24505"},"modified":"2025-04-09T17:43:31","modified_gmt":"2025-04-09T16:43:31","slug":"stark-00105-espuma-ativa-rosa-25l","status":"publish","type":"product","link":"https:\/\/www.comertim.pt\/new\/produto\/stark-00105-espuma-ativa-rosa-25l\/","title":{"rendered":"STARK 00105 ESPUMA ATIVA ROSA 25L"},"content":{"rendered":"<p>Detergente colorido concentrado para lavagem de caminh\u00f5es, tanques, ve\u00edculos, tratores, etc&#8230;, em caixas, pontes e t\u00faneis de lavagem. Muito eficaz para a limpeza de carro\u00e7arias. Especialmente concebido para formar espuma cor rosa usando qualquer tipo de \u00e1gua e gerando um impacto visual muito atraente.<\/p>\n","protected":false},"excerpt":{"rendered":"<p>Detergente colorido concentrado para lavagem de caminh\u00f5es, tanques, ve\u00edculos, tratores, etc&#8230;, em caixas, pontes e t\u00faneis de lavagem. Muito eficaz para a limpeza de carro\u00e7arias. Especialmente concebido para formar espuma cor rosa usando qualquer tipo de \u00e1gua e gerando um impacto visual muito atraente.<\/p>\n","protected":false},"featured_media":550002845,"template":"","meta":[],"product_brand":[],"product_cat":[493],"product_tag":[1675],"class_list":{"0":"post-24505","1":"product","2":"type-product","3":"status-publish","4":"has-post-thumbnail","6":"product_cat-lavagem","7":"product_tag-stark","9":"entry","10":"has-media","12":"first","13":"instock","14":"taxable","15":"shipping-taxable","16":"product-type-simple","17":"has-product-nav","18":"col","19":"span_1_of_4","20":"owp-content-center","21":"item-entry","22":"owp-thumbs-layout-horizontal","23":"owp-btn-normal","24":"owp-tabs-layout-vertical","25":"has-no-thumbnails"},"_links":{"self":[{"href":"https:\/\/www.comertim.pt\/new\/wp-json\/wp\/v2\/product\/24505","targetHints":{"allow":["GET"]}}],"collection":[{"href":"https:\/\/www.comertim.pt\/new\/wp-json\/wp\/v2\/product"}],"about":[{"href":"https:\/\/www.comertim.pt\/new\/wp-json\/wp\/v2\/types\/product"}],"wp:featuredmedia":[{"embeddable":true,"href":"https:\/\/www.comertim.pt\/new\/wp-json\/wp\/v2\/media\/550002845"}],"wp:attachment":[{"href":"https:\/\/www.comertim.pt\/new\/wp-json\/wp\/v2\/media?parent=24505"}],"wp:term":[{"taxonomy":"product_brand","embeddable":true,"href":"https:\/\/www.comertim.pt\/new\/wp-json\/wp\/v2\/product_brand?post=24505"},{"taxonomy":"product_cat","embeddable":true,"href":"https:\/\/www.comertim.pt\/new\/wp-json\/wp\/v2\/product_cat?post=24505"},{"taxonomy":"product_tag","embeddable":true,"href":"https:\/\/www.comertim.pt\/new\/wp-json\/wp\/v2\/product_tag?post=24505"}],"curies":[{"name":"wp","href":"https:\/\/api.w.org\/{rel}","templated":true}]}}