{"id":24487,"date":"2022-11-22T16:41:45","date_gmt":"2022-11-22T16:41:45","guid":{"rendered":"https:\/\/virtualimit.pt\/?post_type=product&#038;p=24487"},"modified":"2025-04-09T17:43:31","modified_gmt":"2025-04-09T16:43:31","slug":"sata-pistola-satajet-x-5500-hvlp-1-3-i-future-rps-sem-copo","status":"publish","type":"product","link":"https:\/\/www.comertim.pt\/new\/produto\/sata-pistola-satajet-x-5500-hvlp-1-3-i-future-rps-sem-copo\/","title":{"rendered":"SATA PISTOLA SATAJET X 5500 HVLP 1.3 I FUTURE RPS (SEM COPO)"},"content":{"rendered":"<p>O SATAjet X 5500 FUTURE verde n\u00e3o \u00e9 apenas uma refer\u00eancia \u00e0 natureza, \u00e9 tamb\u00e9m um s\u00edmbolo de harmonia e esperan\u00e7a e principalmente de futuro! Estamos lutando por um futuro sustent\u00e1vel e conectado que aproveite ao m\u00e1ximo os potenciais da transforma\u00e7\u00e3o digital.<\/p>\n<p>Os circuitos em forma de globo na pistola de pulveriza\u00e7\u00e3o representam a tecnologia que conecta as pessoas e, assim, possibilita o mundo globalizado do futuro. A cor verde radiante com os componentes pretos n\u00e3o s\u00f3 parece harmoniosa, mas tamb\u00e9m por alinhar nossas a\u00e7\u00f5es com a sustentabilidade e a preserva\u00e7\u00e3o da natureza.<\/p>\n<p>O SATAjet X 5500 FUTURE \u00e9 \u00fanico e limitado. Dispon\u00edvel no seu concession\u00e1rio SATA aderente, enquanto durarem os stocks.<\/p>\n<p>Revolucion\u00e1rio: A atomiza\u00e7\u00e3o dos bicos X estabelece novos padr\u00f5es<\/p>\n<p>Visivelmente mais silencioso: Bocal sussurrante devido \u00e0 geometria de fluxo otimizada<\/p>\n<p>Preciso: Distribui\u00e7\u00e3o de material otimizada para maior uniformidade de pulveriza\u00e7\u00e3o e atomiza\u00e7\u00e3o com ambos os formatos de leque de pulveriza\u00e7\u00e3o<\/p>\n<p>Baixa manuten\u00e7\u00e3o: N\u00e3o requer inser\u00e7\u00e3o de distribui\u00e7\u00e3o de ar<\/p>\n<p>Consistente: Tamanho constante do ventilador em todo o espectro do bico com aumentos lineares da taxa de fluxo de material<\/p>\n<p>Eficiente: Economia consider\u00e1vel de material com o mesmo m\u00e9todo de aplica\u00e7\u00e3o<\/p>\n","protected":false},"excerpt":{"rendered":"<p>O SATAjet X 5500 FUTURE verde n\u00e3o \u00e9 apenas uma refer\u00eancia \u00e0 natureza, \u00e9 tamb\u00e9m um s\u00edmbolo de harmonia e esperan\u00e7a e principalmente de futuro! Estamos lutando por um futuro sustent\u00e1vel e conectado que aproveite ao m\u00e1ximo os potenciais da transforma\u00e7\u00e3o digital. Os circuitos em forma de globo na pistola de pulveriza\u00e7\u00e3o representam a tecnologia [&hellip;]<\/p>\n","protected":false},"featured_media":550002850,"template":"","meta":[],"product_brand":[],"product_cat":[478],"product_tag":[1058],"class_list":{"0":"post-24487","1":"product","2":"type-product","3":"status-publish","4":"has-post-thumbnail","6":"product_cat-equipamento","7":"product_tag-sata","9":"entry","10":"has-media","12":"first","13":"instock","14":"taxable","15":"shipping-taxable","16":"product-type-simple","17":"has-product-nav","18":"col","19":"span_1_of_4","20":"owp-content-center","21":"item-entry","22":"owp-thumbs-layout-horizontal","23":"owp-btn-normal","24":"owp-tabs-layout-vertical","25":"has-no-thumbnails"},"_links":{"self":[{"href":"https:\/\/www.comertim.pt\/new\/wp-json\/wp\/v2\/product\/24487","targetHints":{"allow":["GET"]}}],"collection":[{"href":"https:\/\/www.comertim.pt\/new\/wp-json\/wp\/v2\/product"}],"about":[{"href":"https:\/\/www.comertim.pt\/new\/wp-json\/wp\/v2\/types\/product"}],"wp:featuredmedia":[{"embeddable":true,"href":"https:\/\/www.comertim.pt\/new\/wp-json\/wp\/v2\/media\/550002850"}],"wp:attachment":[{"href":"https:\/\/www.comertim.pt\/new\/wp-json\/wp\/v2\/media?parent=24487"}],"wp:term":[{"taxonomy":"product_brand","embeddable":true,"href":"https:\/\/www.comertim.pt\/new\/wp-json\/wp\/v2\/product_brand?post=24487"},{"taxonomy":"product_cat","embeddable":true,"href":"https:\/\/www.comertim.pt\/new\/wp-json\/wp\/v2\/product_cat?post=24487"},{"taxonomy":"product_tag","embeddable":true,"href":"https:\/\/www.comertim.pt\/new\/wp-json\/wp\/v2\/product_tag?post=24487"}],"curies":[{"name":"wp","href":"https:\/\/api.w.org\/{rel}","templated":true}]}}