{"id":24483,"date":"2022-11-22T16:04:00","date_gmt":"2022-11-22T16:04:00","guid":{"rendered":"https:\/\/virtualimit.pt\/?post_type=product&#038;p=24483"},"modified":"2025-04-09T17:43:31","modified_gmt":"2025-04-09T16:43:31","slug":"l-esmalte-29159-acryl-2k-texturado-preto-1l","status":"publish","type":"product","link":"https:\/\/www.comertim.pt\/new\/produto\/l-esmalte-29159-acryl-2k-texturado-preto-1l\/","title":{"rendered":"L ESMALTE 29159 ACRYL 2K TEXTURADO PRETO 1L"},"content":{"rendered":"<p>Produto com efeito texturado id\u00eantico ao pl\u00e1stico original.<\/p>\n<p>&#8211; Ades\u00e3o ao pl\u00e1stico<\/p>\n<p>&#8211; Acabamento texturado semi-matt<\/p>\n<p>&#8211; Dur\u00e1vel ao exterior<\/p>\n<p>&#8211; Secagem r\u00e1pida<\/p>\n<p>&#8211; Resist\u00eancia acr\u00edlica<\/p>\n","protected":false},"excerpt":{"rendered":"<p>Produto com efeito texturado id\u00eantico ao pl\u00e1stico original. &#8211; Ades\u00e3o ao pl\u00e1stico &#8211; Acabamento texturado semi-matt &#8211; Dur\u00e1vel ao exterior &#8211; Secagem r\u00e1pida &#8211; Resist\u00eancia acr\u00edlica<\/p>\n","protected":false},"featured_media":550002851,"template":"","meta":[],"product_brand":[],"product_cat":[507],"product_tag":[1011],"class_list":{"0":"post-24483","1":"product","2":"type-product","3":"status-publish","4":"has-post-thumbnail","6":"product_cat-pintura","7":"product_tag-lechler_industry","9":"entry","10":"has-media","12":"first","13":"instock","14":"taxable","15":"shipping-taxable","16":"product-type-simple","17":"has-product-nav","18":"col","19":"span_1_of_4","20":"owp-content-center","21":"item-entry","22":"owp-thumbs-layout-horizontal","23":"owp-btn-normal","24":"owp-tabs-layout-vertical","25":"has-no-thumbnails"},"_links":{"self":[{"href":"https:\/\/www.comertim.pt\/new\/wp-json\/wp\/v2\/product\/24483","targetHints":{"allow":["GET"]}}],"collection":[{"href":"https:\/\/www.comertim.pt\/new\/wp-json\/wp\/v2\/product"}],"about":[{"href":"https:\/\/www.comertim.pt\/new\/wp-json\/wp\/v2\/types\/product"}],"wp:featuredmedia":[{"embeddable":true,"href":"https:\/\/www.comertim.pt\/new\/wp-json\/wp\/v2\/media\/550002851"}],"wp:attachment":[{"href":"https:\/\/www.comertim.pt\/new\/wp-json\/wp\/v2\/media?parent=24483"}],"wp:term":[{"taxonomy":"product_brand","embeddable":true,"href":"https:\/\/www.comertim.pt\/new\/wp-json\/wp\/v2\/product_brand?post=24483"},{"taxonomy":"product_cat","embeddable":true,"href":"https:\/\/www.comertim.pt\/new\/wp-json\/wp\/v2\/product_cat?post=24483"},{"taxonomy":"product_tag","embeddable":true,"href":"https:\/\/www.comertim.pt\/new\/wp-json\/wp\/v2\/product_tag?post=24483"}],"curies":[{"name":"wp","href":"https:\/\/api.w.org\/{rel}","templated":true}]}}