{"id":24425,"date":"2022-11-21T09:22:34","date_gmt":"2022-11-21T09:22:34","guid":{"rendered":"https:\/\/virtualimit.pt\/?post_type=product&#038;p=24425"},"modified":"2025-04-09T17:44:09","modified_gmt":"2025-04-09T16:44:09","slug":"n-superflexible-q775-tira-pre-170x130","status":"publish","type":"product","link":"https:\/\/www.comertim.pt\/new\/produto\/n-superflexible-q775-tira-pre-170x130\/","title":{"rendered":"N-SUPERFLEXIBLE Q775 TIRA-PRE 170X130"},"content":{"rendered":"<p>\u2022 Filme dur\u00e1vel e muito flex\u00edvel que se adapta \u00e0 superf\u00edcie<\/p>\n<p>\u2022 Gr\u00e3o abrasivo fino superior para um excelente acabamento<\/p>\n<p>\u2022 Padr\u00e3o de riscos e acabamento consistentes, f\u00e1ceis de homogeneizar<\/p>\n","protected":false},"excerpt":{"rendered":"<p>\u2022 Filme dur\u00e1vel e muito flex\u00edvel que se adapta \u00e0 superf\u00edcie \u2022 Gr\u00e3o abrasivo fino superior para um excelente acabamento \u2022 Padr\u00e3o de riscos e acabamento consistentes, f\u00e1ceis de homogeneizar<\/p>\n","protected":false},"featured_media":550002863,"template":"","meta":[],"product_brand":[],"product_cat":[1215],"product_tag":[1044],"class_list":{"0":"post-24425","1":"product","2":"type-product","3":"status-publish","4":"has-post-thumbnail","6":"product_cat-abrasivos","7":"product_tag-norton","9":"entry","10":"has-media","12":"first","13":"instock","14":"taxable","15":"shipping-taxable","16":"product-type-variable","17":"has-product-nav","18":"col","19":"span_1_of_4","20":"owp-content-center","21":"item-entry","22":"owp-thumbs-layout-horizontal","23":"owp-btn-normal","24":"owp-tabs-layout-vertical","25":"has-no-thumbnails"},"_links":{"self":[{"href":"https:\/\/www.comertim.pt\/new\/wp-json\/wp\/v2\/product\/24425","targetHints":{"allow":["GET"]}}],"collection":[{"href":"https:\/\/www.comertim.pt\/new\/wp-json\/wp\/v2\/product"}],"about":[{"href":"https:\/\/www.comertim.pt\/new\/wp-json\/wp\/v2\/types\/product"}],"wp:featuredmedia":[{"embeddable":true,"href":"https:\/\/www.comertim.pt\/new\/wp-json\/wp\/v2\/media\/550002863"}],"wp:attachment":[{"href":"https:\/\/www.comertim.pt\/new\/wp-json\/wp\/v2\/media?parent=24425"}],"wp:term":[{"taxonomy":"product_brand","embeddable":true,"href":"https:\/\/www.comertim.pt\/new\/wp-json\/wp\/v2\/product_brand?post=24425"},{"taxonomy":"product_cat","embeddable":true,"href":"https:\/\/www.comertim.pt\/new\/wp-json\/wp\/v2\/product_cat?post=24425"},{"taxonomy":"product_tag","embeddable":true,"href":"https:\/\/www.comertim.pt\/new\/wp-json\/wp\/v2\/product_tag?post=24425"}],"curies":[{"name":"wp","href":"https:\/\/api.w.org\/{rel}","templated":true}]}}