{"id":24396,"date":"2022-11-17T18:27:43","date_gmt":"2022-11-17T18:27:43","guid":{"rendered":"https:\/\/virtualimit.pt\/?post_type=product&#038;p=24396"},"modified":"2025-04-09T17:44:09","modified_gmt":"2025-04-09T16:44:09","slug":"n-rolo-mesh-power-70x10m","status":"publish","type":"product","link":"https:\/\/www.comertim.pt\/new\/produto\/n-rolo-mesh-power-70x10m\/","title":{"rendered":"N-ROLO MESH POWER 70X10M"},"content":{"rendered":"<p>\u2022 O gr\u00e3o de cer\u00e2mica oferece o melhor desempenho gra\u00e7as \u00e0s suas<\/p>\n<p>propriedades de fraturamento, o que significa que o abrasivo permanece<\/p>\n<p>mais afiado e dura mais do que outros rolos<\/p>\n<p>\u2022 Ideal para uma ampla gama de superf\u00edcies e aplica\u00e7\u00f5es, incluindo prim\u00e1rio,<\/p>\n<p>material de enchimento, tinta, laca, fibra de vidro, alum\u00ednio, gel marinho<\/p>\n<p>e pl\u00e1stico na repara\u00e7\u00e3o de pain\u00e9is, em repara\u00e7\u00f5es localizadas e repara\u00e7\u00f5es<\/p>\n<p>de para-choques em pain\u00e9is novos ou usados<\/p>\n<p>\u2022 O gr\u00e3o abrasivo \u00e9 impregnado com revestimento No-Fil\u00ae que resiste<\/p>\n<p>ao empapamento e prolonga a vida do produto<\/p>\n<p>\u2022 Trabalha perfeitamente a seco ou a h\u00famido, manualmente ou com m\u00e1quina<\/p>\n","protected":false},"excerpt":{"rendered":"<p>\u2022 O gr\u00e3o de cer\u00e2mica oferece o melhor desempenho gra\u00e7as \u00e0s suas propriedades de fraturamento, o que significa que o abrasivo permanece mais afiado e dura mais do que outros rolos \u2022 Ideal para uma ampla gama de superf\u00edcies e aplica\u00e7\u00f5es, incluindo prim\u00e1rio, material de enchimento, tinta, laca, fibra de vidro, alum\u00ednio, gel marinho e [&hellip;]<\/p>\n","protected":false},"featured_media":550002866,"template":"","meta":[],"product_brand":[],"product_cat":[1215],"product_tag":[1044],"class_list":{"0":"post-24396","1":"product","2":"type-product","3":"status-publish","4":"has-post-thumbnail","6":"product_cat-abrasivos","7":"product_tag-norton","9":"entry","10":"has-media","12":"first","13":"instock","14":"taxable","15":"shipping-taxable","16":"product-type-variable","17":"has-product-nav","18":"col","19":"span_1_of_4","20":"owp-content-center","21":"item-entry","22":"owp-thumbs-layout-horizontal","23":"owp-btn-normal","24":"owp-tabs-layout-vertical","25":"has-no-thumbnails"},"_links":{"self":[{"href":"https:\/\/www.comertim.pt\/new\/wp-json\/wp\/v2\/product\/24396","targetHints":{"allow":["GET"]}}],"collection":[{"href":"https:\/\/www.comertim.pt\/new\/wp-json\/wp\/v2\/product"}],"about":[{"href":"https:\/\/www.comertim.pt\/new\/wp-json\/wp\/v2\/types\/product"}],"wp:featuredmedia":[{"embeddable":true,"href":"https:\/\/www.comertim.pt\/new\/wp-json\/wp\/v2\/media\/550002866"}],"wp:attachment":[{"href":"https:\/\/www.comertim.pt\/new\/wp-json\/wp\/v2\/media?parent=24396"}],"wp:term":[{"taxonomy":"product_brand","embeddable":true,"href":"https:\/\/www.comertim.pt\/new\/wp-json\/wp\/v2\/product_brand?post=24396"},{"taxonomy":"product_cat","embeddable":true,"href":"https:\/\/www.comertim.pt\/new\/wp-json\/wp\/v2\/product_cat?post=24396"},{"taxonomy":"product_tag","embeddable":true,"href":"https:\/\/www.comertim.pt\/new\/wp-json\/wp\/v2\/product_tag?post=24396"}],"curies":[{"name":"wp","href":"https:\/\/api.w.org\/{rel}","templated":true}]}}