{"id":24340,"date":"2022-11-17T17:11:04","date_gmt":"2022-11-17T17:11:04","guid":{"rendered":"https:\/\/virtualimit.pt\/?post_type=product&#038;p=24340"},"modified":"2025-04-09T17:44:10","modified_gmt":"2025-04-09T16:44:10","slug":"n-disco-multi-air-s-touch-a275-150x180","status":"publish","type":"product","link":"https:\/\/www.comertim.pt\/new\/produto\/n-disco-multi-air-s-touch-a275-150x180\/","title":{"rendered":"N-DISCO MULTI AIR S.TOUCH A275 150X180"},"content":{"rendered":"<p>\u2022 Combina\u00e7\u00e3o de SG e gr\u00e3os premium de \u00f3xido de alum\u00ednio com tratamento de calor que permite uma excelente a\u00e7\u00e3o de corte e um acabamento de alto n\u00edvel<\/p>\n<p>\u2022 O suporte de espuma \u00e9 codificado por cores para ajudar a uma r\u00e1pida identifica\u00e7\u00e3o do produto em cada etapa de lixagem<\/p>\n<p>\u2022 O papel latex com refor\u00e7o de fibra cria um suporte flex\u00edvel e resistente aos rasgos<\/p>\n<p>\u2022 A configura\u00e7\u00e3o \u00fanica de furos e o revestimento No-Fil\u00ae melhoram significativamente a resist\u00eancia ao empapamento sem risco de transfer\u00eancia de cor, devido ao pigmento sem camadas<\/p>\n","protected":false},"excerpt":{"rendered":"<p>\u2022 Combina\u00e7\u00e3o de SG e gr\u00e3os premium de \u00f3xido de alum\u00ednio com tratamento de calor que permite uma excelente a\u00e7\u00e3o de corte e um acabamento de alto n\u00edvel \u2022 O suporte de espuma \u00e9 codificado por cores para ajudar a uma r\u00e1pida identifica\u00e7\u00e3o do produto em cada etapa de lixagem \u2022 O papel latex com [&hellip;]<\/p>\n","protected":false},"featured_media":550002874,"template":"","meta":[],"product_brand":[],"product_cat":[1215],"product_tag":[1044],"class_list":{"0":"post-24340","1":"product","2":"type-product","3":"status-publish","4":"has-post-thumbnail","6":"product_cat-abrasivos","7":"product_tag-norton","9":"entry","10":"has-media","12":"first","13":"instock","14":"taxable","15":"shipping-taxable","16":"product-type-variable","17":"has-product-nav","18":"col","19":"span_1_of_4","20":"owp-content-center","21":"item-entry","22":"owp-thumbs-layout-horizontal","23":"owp-btn-normal","24":"owp-tabs-layout-vertical","25":"has-no-thumbnails"},"_links":{"self":[{"href":"https:\/\/www.comertim.pt\/new\/wp-json\/wp\/v2\/product\/24340","targetHints":{"allow":["GET"]}}],"collection":[{"href":"https:\/\/www.comertim.pt\/new\/wp-json\/wp\/v2\/product"}],"about":[{"href":"https:\/\/www.comertim.pt\/new\/wp-json\/wp\/v2\/types\/product"}],"wp:featuredmedia":[{"embeddable":true,"href":"https:\/\/www.comertim.pt\/new\/wp-json\/wp\/v2\/media\/550002874"}],"wp:attachment":[{"href":"https:\/\/www.comertim.pt\/new\/wp-json\/wp\/v2\/media?parent=24340"}],"wp:term":[{"taxonomy":"product_brand","embeddable":true,"href":"https:\/\/www.comertim.pt\/new\/wp-json\/wp\/v2\/product_brand?post=24340"},{"taxonomy":"product_cat","embeddable":true,"href":"https:\/\/www.comertim.pt\/new\/wp-json\/wp\/v2\/product_cat?post=24340"},{"taxonomy":"product_tag","embeddable":true,"href":"https:\/\/www.comertim.pt\/new\/wp-json\/wp\/v2\/product_tag?post=24340"}],"curies":[{"name":"wp","href":"https:\/\/api.w.org\/{rel}","templated":true}]}}