{"id":23674,"date":"2022-08-24T11:07:43","date_gmt":"2022-08-24T10:07:43","guid":{"rendered":"http:\/\/localhost\/virtualimit\/produto\/rupes-lixadeira-rx256a-electrica-skorpio-sem-escovas-6mm\/"},"modified":"2025-04-09T17:43:37","modified_gmt":"2025-04-09T16:43:37","slug":"rupes-lixadeira-rx256a-electrica-skorpio-sem-escovas-6mm","status":"publish","type":"product","link":"https:\/\/www.comertim.pt\/new\/produto\/rupes-lixadeira-rx256a-electrica-skorpio-sem-escovas-6mm\/","title":{"rendered":"RUPES LIXADEIRA RX256A ELECTRICA SKORPIO SEM ESCOVAS 6MM"},"content":{"rendered":"<p>\u00d8 da \u00f3rbita (mm) 6<br \/>\n\u00d8 Prato (mm) 150<br \/>\nRosca 5\/16\u201d<br \/>\nFura\u00e7\u00e3o do prato MULTIFUROS<br \/>\nR.P.M 4000 \u00f7 1000<br \/>\nControlo eletr\u00f3nico de velocidade \u2022<br \/>\nPot\u00eancia\u00a0(W) 350<br \/>\nClasse de Isolamento I<br \/>\nPeso (kg) 1,2<br \/>\nPrato 981.600<\/p>\n","protected":false},"excerpt":{"rendered":"<p>\u00d8 da \u00f3rbita (mm) 6 \u00d8 Prato (mm) 150 Rosca 5\/16\u201d Fura\u00e7\u00e3o do prato MULTIFUROS R.P.M 4000 \u00f7 1000 Controlo eletr\u00f3nico de velocidade \u2022 Pot\u00eancia\u00a0(W) 350 Classe de Isolamento I Peso (kg) 1,2 Prato 981.600<\/p>\n","protected":false},"featured_media":550002937,"template":"","meta":[],"product_brand":[],"product_cat":[478],"product_tag":[1036],"class_list":{"0":"post-23674","1":"product","2":"type-product","3":"status-publish","4":"has-post-thumbnail","6":"product_cat-equipamento","7":"product_tag-rupes","9":"entry","10":"has-media","12":"first","13":"instock","14":"taxable","15":"shipping-taxable","16":"product-type-simple","17":"has-product-nav","18":"col","19":"span_1_of_4","20":"owp-content-center","21":"item-entry","22":"owp-thumbs-layout-horizontal","23":"owp-btn-normal","24":"owp-tabs-layout-vertical","25":"has-no-thumbnails"},"_links":{"self":[{"href":"https:\/\/www.comertim.pt\/new\/wp-json\/wp\/v2\/product\/23674","targetHints":{"allow":["GET"]}}],"collection":[{"href":"https:\/\/www.comertim.pt\/new\/wp-json\/wp\/v2\/product"}],"about":[{"href":"https:\/\/www.comertim.pt\/new\/wp-json\/wp\/v2\/types\/product"}],"wp:featuredmedia":[{"embeddable":true,"href":"https:\/\/www.comertim.pt\/new\/wp-json\/wp\/v2\/media\/550002937"}],"wp:attachment":[{"href":"https:\/\/www.comertim.pt\/new\/wp-json\/wp\/v2\/media?parent=23674"}],"wp:term":[{"taxonomy":"product_brand","embeddable":true,"href":"https:\/\/www.comertim.pt\/new\/wp-json\/wp\/v2\/product_brand?post=23674"},{"taxonomy":"product_cat","embeddable":true,"href":"https:\/\/www.comertim.pt\/new\/wp-json\/wp\/v2\/product_cat?post=23674"},{"taxonomy":"product_tag","embeddable":true,"href":"https:\/\/www.comertim.pt\/new\/wp-json\/wp\/v2\/product_tag?post=23674"}],"curies":[{"name":"wp","href":"https:\/\/api.w.org\/{rel}","templated":true}]}}