{"id":23672,"date":"2022-08-24T11:07:43","date_gmt":"2022-08-24T10:07:43","guid":{"rendered":"http:\/\/localhost\/virtualimit\/produto\/rupes-lixadeira-re-21acm-orbital-80x130\/"},"modified":"2025-04-09T17:43:37","modified_gmt":"2025-04-09T16:43:37","slug":"rupes-lixadeira-re-21acm-orbital-80x130","status":"publish","type":"product","link":"https:\/\/www.comertim.pt\/new\/produto\/rupes-lixadeira-re-21acm-orbital-80x130\/","title":{"rendered":"RUPES LIXADEIRA RE 21ACM ORBITAL 80X130"},"content":{"rendered":"<p>Dimens\u00f5es da base 80&#215;130<br \/>\n\u00d8 da \u00f3rbita (mm) 3<br \/>\nRota\u00e7\u00f5es (R. P. M.) 0\u00f711000<br \/>\nPeso (Kg) 0,870<br \/>\nM\u00e1x. consumo de ar (L\/min.) 360<br \/>\nControlo de velocidade \u2022<br \/>\nGarras \u2022<br \/>\nBase de velcro \u2022<br \/>\nPrato 986.007MH<\/p>\n","protected":false},"excerpt":{"rendered":"<p>Dimens\u00f5es da base 80&#215;130 \u00d8 da \u00f3rbita (mm) 3 Rota\u00e7\u00f5es (R. P. M.) 0\u00f711000 Peso (Kg) 0,870 M\u00e1x. consumo de ar (L\/min.) 360 Controlo de velocidade \u2022 Garras \u2022 Base de velcro \u2022 Prato 986.007MH<\/p>\n","protected":false},"featured_media":550002939,"template":"","meta":[],"product_brand":[],"product_cat":[478],"product_tag":[1036],"class_list":{"0":"post-23672","1":"product","2":"type-product","3":"status-publish","4":"has-post-thumbnail","6":"product_cat-equipamento","7":"product_tag-rupes","9":"entry","10":"has-media","12":"first","13":"instock","14":"taxable","15":"shipping-taxable","16":"product-type-simple","17":"has-product-nav","18":"col","19":"span_1_of_4","20":"owp-content-center","21":"item-entry","22":"owp-thumbs-layout-horizontal","23":"owp-btn-normal","24":"owp-tabs-layout-vertical","25":"has-no-thumbnails"},"_links":{"self":[{"href":"https:\/\/www.comertim.pt\/new\/wp-json\/wp\/v2\/product\/23672","targetHints":{"allow":["GET"]}}],"collection":[{"href":"https:\/\/www.comertim.pt\/new\/wp-json\/wp\/v2\/product"}],"about":[{"href":"https:\/\/www.comertim.pt\/new\/wp-json\/wp\/v2\/types\/product"}],"wp:featuredmedia":[{"embeddable":true,"href":"https:\/\/www.comertim.pt\/new\/wp-json\/wp\/v2\/media\/550002939"}],"wp:attachment":[{"href":"https:\/\/www.comertim.pt\/new\/wp-json\/wp\/v2\/media?parent=23672"}],"wp:term":[{"taxonomy":"product_brand","embeddable":true,"href":"https:\/\/www.comertim.pt\/new\/wp-json\/wp\/v2\/product_brand?post=23672"},{"taxonomy":"product_cat","embeddable":true,"href":"https:\/\/www.comertim.pt\/new\/wp-json\/wp\/v2\/product_cat?post=23672"},{"taxonomy":"product_tag","embeddable":true,"href":"https:\/\/www.comertim.pt\/new\/wp-json\/wp\/v2\/product_tag?post=23672"}],"curies":[{"name":"wp","href":"https:\/\/api.w.org\/{rel}","templated":true}]}}