{"id":23630,"date":"2022-08-24T11:07:35","date_gmt":"2022-08-24T10:07:35","guid":{"rendered":"http:\/\/localhost\/virtualimit\/produto\/rupes-lhr21iii-kit-polimento-standard\/"},"modified":"2025-04-09T17:43:39","modified_gmt":"2025-04-09T16:43:39","slug":"rupes-lhr21iii-kit-polimento-standard","status":"publish","type":"product","link":"https:\/\/www.comertim.pt\/new\/produto\/rupes-lhr21iii-kit-polimento-standard\/","title":{"rendered":"RUPES LHR21III KIT POLIMENTO BAS ROTO ORBITAL ANTI HOLOGRAM"},"content":{"rendered":"<p>\u00d8 suporte velcro (mm) 150<br \/>\n\u00d8 da \u00f3rbita (mm) 21<br \/>\nPot\u00eancia (W) 500<br \/>\nRota\u00e7\u00f5es (R. P. M.) 3000\u00f745000<br \/>\nPeso (Kg) 2,700<br \/>\nControle de velocidade \u2022<br \/>\nRosca M8<br \/>\nCabo El\u00e9trico 9 mts<br \/>\nPrato 981.321N<br \/>\nEscova 47.105<\/p>\n","protected":false},"excerpt":{"rendered":"<p>\u00d8 suporte velcro (mm) 150 \u00d8 da \u00f3rbita (mm) 21 Pot\u00eancia (W) 500 Rota\u00e7\u00f5es (R. P. M.) 3000\u00f745000 Peso (Kg) 2,700 Controle de velocidade \u2022 Rosca M8 Cabo El\u00e9trico 9 mts Prato 981.321N Escova 47.105<\/p>\n","protected":false},"featured_media":550002980,"template":"","meta":[],"product_brand":[],"product_cat":[478],"product_tag":[1036],"class_list":{"0":"post-23630","1":"product","2":"type-product","3":"status-publish","4":"has-post-thumbnail","6":"product_cat-equipamento","7":"product_tag-rupes","9":"entry","10":"has-media","12":"first","13":"instock","14":"taxable","15":"shipping-taxable","16":"product-type-simple","17":"has-product-nav","18":"col","19":"span_1_of_4","20":"owp-content-center","21":"item-entry","22":"owp-thumbs-layout-horizontal","23":"owp-btn-normal","24":"owp-tabs-layout-vertical","25":"has-no-thumbnails"},"_links":{"self":[{"href":"https:\/\/www.comertim.pt\/new\/wp-json\/wp\/v2\/product\/23630","targetHints":{"allow":["GET"]}}],"collection":[{"href":"https:\/\/www.comertim.pt\/new\/wp-json\/wp\/v2\/product"}],"about":[{"href":"https:\/\/www.comertim.pt\/new\/wp-json\/wp\/v2\/types\/product"}],"wp:featuredmedia":[{"embeddable":true,"href":"https:\/\/www.comertim.pt\/new\/wp-json\/wp\/v2\/media\/550002980"}],"wp:attachment":[{"href":"https:\/\/www.comertim.pt\/new\/wp-json\/wp\/v2\/media?parent=23630"}],"wp:term":[{"taxonomy":"product_brand","embeddable":true,"href":"https:\/\/www.comertim.pt\/new\/wp-json\/wp\/v2\/product_brand?post=23630"},{"taxonomy":"product_cat","embeddable":true,"href":"https:\/\/www.comertim.pt\/new\/wp-json\/wp\/v2\/product_cat?post=23630"},{"taxonomy":"product_tag","embeddable":true,"href":"https:\/\/www.comertim.pt\/new\/wp-json\/wp\/v2\/product_tag?post=23630"}],"curies":[{"name":"wp","href":"https:\/\/api.w.org\/{rel}","templated":true}]}}