{"id":23617,"date":"2022-08-24T11:07:32","date_gmt":"2022-08-24T10:07:32","guid":{"rendered":"http:\/\/localhost\/virtualimit\/produto\/rupes-lixadeira-er05te-electrica-r-orb-5mm-c-asp\/"},"modified":"2025-04-09T17:43:40","modified_gmt":"2025-04-09T16:43:40","slug":"rupes-lixadeira-er05te-electrica-r-orb-5mm-c-asp","status":"publish","type":"product","link":"https:\/\/www.comertim.pt\/new\/produto\/rupes-lixadeira-er05te-electrica-r-orb-5mm-c-asp\/","title":{"rendered":"RUPES LIXADEIRA ER05TE ELECTRICA.R.ORB.5MM C\/ASP"},"content":{"rendered":"<p>\u00d8 da base de velcro(mm) 150mm<br \/>\n\u00d8 da \u00f3rbita (mm) 5mm<br \/>\nPot\u00eancia (W) 350 w<br \/>\nRota\u00e7\u00f5es (R. P. M.) 5000-10000<br \/>\nPeso (Kg) 1,8 kg<br \/>\nControlo da velocidade \u2022<br \/>\nRosca M8<br \/>\nPrato 981.500<br \/>\nEscova 47.290<\/p>\n","protected":false},"excerpt":{"rendered":"<p>\u00d8 da base de velcro(mm) 150mm \u00d8 da \u00f3rbita (mm) 5mm Pot\u00eancia (W) 350 w Rota\u00e7\u00f5es (R. P. M.) 5000-10000 Peso (Kg) 1,8 kg Controlo da velocidade \u2022 Rosca M8 Prato 981.500 Escova 47.290<\/p>\n","protected":false},"featured_media":550002993,"template":"","meta":[],"product_brand":[],"product_cat":[478],"product_tag":[1036],"class_list":{"0":"post-23617","1":"product","2":"type-product","3":"status-publish","4":"has-post-thumbnail","6":"product_cat-equipamento","7":"product_tag-rupes","9":"entry","10":"has-media","12":"first","13":"instock","14":"taxable","15":"shipping-taxable","16":"product-type-simple","17":"has-product-nav","18":"col","19":"span_1_of_4","20":"owp-content-center","21":"item-entry","22":"owp-thumbs-layout-horizontal","23":"owp-btn-normal","24":"owp-tabs-layout-vertical","25":"has-no-thumbnails"},"_links":{"self":[{"href":"https:\/\/www.comertim.pt\/new\/wp-json\/wp\/v2\/product\/23617","targetHints":{"allow":["GET"]}}],"collection":[{"href":"https:\/\/www.comertim.pt\/new\/wp-json\/wp\/v2\/product"}],"about":[{"href":"https:\/\/www.comertim.pt\/new\/wp-json\/wp\/v2\/types\/product"}],"wp:featuredmedia":[{"embeddable":true,"href":"https:\/\/www.comertim.pt\/new\/wp-json\/wp\/v2\/media\/550002993"}],"wp:attachment":[{"href":"https:\/\/www.comertim.pt\/new\/wp-json\/wp\/v2\/media?parent=23617"}],"wp:term":[{"taxonomy":"product_brand","embeddable":true,"href":"https:\/\/www.comertim.pt\/new\/wp-json\/wp\/v2\/product_brand?post=23617"},{"taxonomy":"product_cat","embeddable":true,"href":"https:\/\/www.comertim.pt\/new\/wp-json\/wp\/v2\/product_cat?post=23617"},{"taxonomy":"product_tag","embeddable":true,"href":"https:\/\/www.comertim.pt\/new\/wp-json\/wp\/v2\/product_tag?post=23617"}],"curies":[{"name":"wp","href":"https:\/\/api.w.org\/{rel}","templated":true}]}}