{"id":23570,"date":"2022-08-24T11:07:24","date_gmt":"2022-08-24T10:07:24","guid":{"rendered":"http:\/\/localhost\/virtualimit\/produto\/nextzett-raidance-wash-e-wax-500-ml-shampoocera-98140515\/"},"modified":"2025-04-09T17:43:41","modified_gmt":"2025-04-09T16:43:41","slug":"nextzett-raidance-wash-e-wax-500-ml-shampoocera-98140515","status":"publish","type":"product","link":"https:\/\/www.comertim.pt\/new\/produto\/nextzett-raidance-wash-e-wax-500-ml-shampoocera-98140515\/","title":{"rendered":"NEXTZETT RAIDANCE WASH E WAX    500 ML SHAMPOO+CERA 98140515"},"content":{"rendered":"<p>SHAMPOO ALTAMENTE CONCENTRADO COM CERA, DE ALTO BRILHO. SHAMPOO ESPECIAL COM PART\u00cdCULAS PROTETORAS QUE ORIGINA UM BRILHO RESPLANDECENTE. DOSAGEM DO PRODUTO: A DOSAGEM ACONSELHADA \u00c9 DE 1 TAMPA DO FRASCO PARA 5 LITROS DE \u00c1GUA. CUIDADOS IMPORTANTES A OBSERVA<\/p>\n","protected":false},"excerpt":{"rendered":"<p>SHAMPOO ALTAMENTE CONCENTRADO COM CERA, DE ALTO BRILHO. SHAMPOO ESPECIAL COM PART\u00cdCULAS PROTETORAS QUE ORIGINA UM BRILHO RESPLANDECENTE. DOSAGEM DO PRODUTO: A DOSAGEM ACONSELHADA \u00c9 DE 1 TAMPA DO FRASCO PARA 5 LITROS DE \u00c1GUA. CUIDADOS IMPORTANTES A OBSERVA<\/p>\n","protected":false},"featured_media":550003017,"template":"","meta":[],"product_brand":[],"product_cat":[493],"product_tag":[1079],"class_list":{"0":"post-23570","1":"product","2":"type-product","3":"status-publish","4":"has-post-thumbnail","6":"product_cat-lavagem","7":"product_tag-nextzett","9":"entry","10":"has-media","12":"first","13":"instock","14":"taxable","15":"shipping-taxable","16":"product-type-simple","17":"has-product-nav","18":"col","19":"span_1_of_4","20":"owp-content-center","21":"item-entry","22":"owp-thumbs-layout-horizontal","23":"owp-btn-normal","24":"owp-tabs-layout-vertical","25":"has-no-thumbnails"},"_links":{"self":[{"href":"https:\/\/www.comertim.pt\/new\/wp-json\/wp\/v2\/product\/23570","targetHints":{"allow":["GET"]}}],"collection":[{"href":"https:\/\/www.comertim.pt\/new\/wp-json\/wp\/v2\/product"}],"about":[{"href":"https:\/\/www.comertim.pt\/new\/wp-json\/wp\/v2\/types\/product"}],"wp:featuredmedia":[{"embeddable":true,"href":"https:\/\/www.comertim.pt\/new\/wp-json\/wp\/v2\/media\/550003017"}],"wp:attachment":[{"href":"https:\/\/www.comertim.pt\/new\/wp-json\/wp\/v2\/media?parent=23570"}],"wp:term":[{"taxonomy":"product_brand","embeddable":true,"href":"https:\/\/www.comertim.pt\/new\/wp-json\/wp\/v2\/product_brand?post=23570"},{"taxonomy":"product_cat","embeddable":true,"href":"https:\/\/www.comertim.pt\/new\/wp-json\/wp\/v2\/product_cat?post=23570"},{"taxonomy":"product_tag","embeddable":true,"href":"https:\/\/www.comertim.pt\/new\/wp-json\/wp\/v2\/product_tag?post=23570"}],"curies":[{"name":"wp","href":"https:\/\/api.w.org\/{rel}","templated":true}]}}