{"id":23553,"date":"2022-08-24T11:07:20","date_gmt":"2022-08-24T10:07:20","guid":{"rendered":"http:\/\/localhost\/virtualimit\/produto\/nextzett-plastik-reiniger-10l-limp-plasticos-92442515\/"},"modified":"2025-04-09T17:43:42","modified_gmt":"2025-04-09T16:43:42","slug":"nextzett-plastik-reiniger-10l-limp-plasticos-92442515","status":"publish","type":"product","link":"https:\/\/www.comertim.pt\/new\/produto\/nextzett-plastik-reiniger-10l-limp-plasticos-92442515\/","title":{"rendered":"NEXTZETT PLASTIK-REINIGER   10L LIMP.PLASTICOS 92442515"},"content":{"rendered":"<p>ESTE PRODUTO DISSOLVE-SE RAPIDAMENTE E COM EFIC\u00c1CIA EM TODOS OS ACESS\u00d3RIOS DE PL\u00c1STICO. PENETRA EM PROFUNDIDADE NO PL\u00c1STICO E RETIRA A SUJIDADE QUE SE ENCONTRA NOS POROS DO PL\u00c1STICO. \u00c9 UM PRODUTO INDICADO PARA RECONDICIONAR UMA VIATURA DE RETOMA. PLASTIK<\/p>\n","protected":false},"excerpt":{"rendered":"<p>ESTE PRODUTO DISSOLVE-SE RAPIDAMENTE E COM EFIC\u00c1CIA EM TODOS OS ACESS\u00d3RIOS DE PL\u00c1STICO. PENETRA EM PROFUNDIDADE NO PL\u00c1STICO E RETIRA A SUJIDADE QUE SE ENCONTRA NOS POROS DO PL\u00c1STICO. \u00c9 UM PRODUTO INDICADO PARA RECONDICIONAR UMA VIATURA DE RETOMA. PLASTIK<\/p>\n","protected":false},"featured_media":550003034,"template":"","meta":[],"product_brand":[],"product_cat":[516],"product_tag":[1079],"class_list":{"0":"post-23553","1":"product","2":"type-product","3":"status-publish","4":"has-post-thumbnail","6":"product_cat-plasticos","7":"product_tag-nextzett","9":"entry","10":"has-media","12":"first","13":"onbackorder","14":"taxable","15":"shipping-taxable","16":"product-type-simple","17":"has-product-nav","18":"col","19":"span_1_of_4","20":"owp-content-center","21":"item-entry","22":"owp-thumbs-layout-horizontal","23":"owp-btn-normal","24":"owp-tabs-layout-vertical","25":"has-no-thumbnails"},"_links":{"self":[{"href":"https:\/\/www.comertim.pt\/new\/wp-json\/wp\/v2\/product\/23553","targetHints":{"allow":["GET"]}}],"collection":[{"href":"https:\/\/www.comertim.pt\/new\/wp-json\/wp\/v2\/product"}],"about":[{"href":"https:\/\/www.comertim.pt\/new\/wp-json\/wp\/v2\/types\/product"}],"wp:featuredmedia":[{"embeddable":true,"href":"https:\/\/www.comertim.pt\/new\/wp-json\/wp\/v2\/media\/550003034"}],"wp:attachment":[{"href":"https:\/\/www.comertim.pt\/new\/wp-json\/wp\/v2\/media?parent=23553"}],"wp:term":[{"taxonomy":"product_brand","embeddable":true,"href":"https:\/\/www.comertim.pt\/new\/wp-json\/wp\/v2\/product_brand?post=23553"},{"taxonomy":"product_cat","embeddable":true,"href":"https:\/\/www.comertim.pt\/new\/wp-json\/wp\/v2\/product_cat?post=23553"},{"taxonomy":"product_tag","embeddable":true,"href":"https:\/\/www.comertim.pt\/new\/wp-json\/wp\/v2\/product_tag?post=23553"}],"curies":[{"name":"wp","href":"https:\/\/api.w.org\/{rel}","templated":true}]}}