{"id":23549,"date":"2022-08-24T11:07:20","date_gmt":"2022-08-24T10:07:20","guid":{"rendered":"http:\/\/localhost\/virtualimit\/produto\/nextzett-scheibenklar-500-ml-spr-limp-vidros\/"},"modified":"2025-04-09T17:43:42","modified_gmt":"2025-04-09T16:43:42","slug":"nextzett-scheibenklar-500-ml-spr-limp-vidros","status":"publish","type":"product","link":"https:\/\/www.comertim.pt\/new\/produto\/nextzett-scheibenklar-500-ml-spr-limp-vidros\/","title":{"rendered":"NEXTZETT SCHEIBENKLAR     500 ML SPR. LIMP.VIDROS"},"content":{"rendered":"<p>PRODUTO LIMPA VIDROS COM EXCEPCIONAL PODER DE SECAGEM. ESTE PRODUTO N\u00c3O DEIXA MANCHAS NO VIDRO. O SCHEIBENKLAR \u00c9 UM LIMPA VIDROS DE EXCEPCIONAL QUALIDADE QUE LIMPA A FUNDO E DESENGORDURA COMPLETAMENTE O VIDRO. \u00c9 UM BOM PRODUTO TAMB\u00c9M PARA LIMPAR INOX. MOD<\/p>\n","protected":false},"excerpt":{"rendered":"<p>PRODUTO LIMPA VIDROS COM EXCEPCIONAL PODER DE SECAGEM. ESTE PRODUTO N\u00c3O DEIXA MANCHAS NO VIDRO. O SCHEIBENKLAR \u00c9 UM LIMPA VIDROS DE EXCEPCIONAL QUALIDADE QUE LIMPA A FUNDO E DESENGORDURA COMPLETAMENTE O VIDRO. \u00c9 UM BOM PRODUTO TAMB\u00c9M PARA LIMPAR INOX. MOD<\/p>\n","protected":false},"featured_media":550003037,"template":"","meta":[],"product_brand":[],"product_cat":[493],"product_tag":[1079],"class_list":{"0":"post-23549","1":"product","2":"type-product","3":"status-publish","4":"has-post-thumbnail","6":"product_cat-lavagem","7":"product_tag-nextzett","9":"entry","10":"has-media","12":"first","13":"onbackorder","14":"taxable","15":"shipping-taxable","16":"product-type-simple","17":"has-product-nav","18":"col","19":"span_1_of_4","20":"owp-content-center","21":"item-entry","22":"owp-thumbs-layout-horizontal","23":"owp-btn-normal","24":"owp-tabs-layout-vertical","25":"has-no-thumbnails"},"_links":{"self":[{"href":"https:\/\/www.comertim.pt\/new\/wp-json\/wp\/v2\/product\/23549","targetHints":{"allow":["GET"]}}],"collection":[{"href":"https:\/\/www.comertim.pt\/new\/wp-json\/wp\/v2\/product"}],"about":[{"href":"https:\/\/www.comertim.pt\/new\/wp-json\/wp\/v2\/types\/product"}],"wp:featuredmedia":[{"embeddable":true,"href":"https:\/\/www.comertim.pt\/new\/wp-json\/wp\/v2\/media\/550003037"}],"wp:attachment":[{"href":"https:\/\/www.comertim.pt\/new\/wp-json\/wp\/v2\/media?parent=23549"}],"wp:term":[{"taxonomy":"product_brand","embeddable":true,"href":"https:\/\/www.comertim.pt\/new\/wp-json\/wp\/v2\/product_brand?post=23549"},{"taxonomy":"product_cat","embeddable":true,"href":"https:\/\/www.comertim.pt\/new\/wp-json\/wp\/v2\/product_cat?post=23549"},{"taxonomy":"product_tag","embeddable":true,"href":"https:\/\/www.comertim.pt\/new\/wp-json\/wp\/v2\/product_tag?post=23549"}],"curies":[{"name":"wp","href":"https:\/\/api.w.org\/{rel}","templated":true}]}}