{"id":23548,"date":"2022-08-24T11:07:19","date_gmt":"2022-08-24T10:07:19","guid":{"rendered":"http:\/\/localhost\/virtualimit\/produto\/nextzett-kristallklar-premium-250ml-liq-deposito-para-brisas\/"},"modified":"2025-04-09T17:43:42","modified_gmt":"2025-04-09T16:43:42","slug":"nextzett-kristallklar-premium-250ml-liq-deposito-para-brisas","status":"publish","type":"product","link":"https:\/\/www.comertim.pt\/new\/produto\/nextzett-kristallklar-premium-250ml-liq-deposito-para-brisas\/","title":{"rendered":"NEXTZETT KRISTALLKLAR PREMIUM 250ML LIQ.DEPOSITO PARA-BRISAS"},"content":{"rendered":"<p>PRODUTO PARA COLOCAR NO DEP\u00d3SITO DO LIMPA P\u00c1RA-BRISAS. PRODUTO COM UM EXCELENTE PODER DE LIMPEZA PRODUTO ALTAMENTE CONCENTRADO NOTA:O DEP\u00d3SITO DA EMBALAGEM COMPLETAMENTE CHEIO D\u00c1 PARA UM RESERVAT\u00d3RIO COM CAPACIDADE PARA 7 LITROS DE \u00c1GUA ATEN\u00c7\u00c3O: ALERTAR O<\/p>\n","protected":false},"excerpt":{"rendered":"<p>PRODUTO PARA COLOCAR NO DEP\u00d3SITO DO LIMPA P\u00c1RA-BRISAS. PRODUTO COM UM EXCELENTE PODER DE LIMPEZA PRODUTO ALTAMENTE CONCENTRADO NOTA:O DEP\u00d3SITO DA EMBALAGEM COMPLETAMENTE CHEIO D\u00c1 PARA UM RESERVAT\u00d3RIO COM CAPACIDADE PARA 7 LITROS DE \u00c1GUA ATEN\u00c7\u00c3O: ALERTAR O<\/p>\n","protected":false},"featured_media":550003038,"template":"","meta":[],"product_brand":[],"product_cat":[493],"product_tag":[1079],"class_list":{"0":"post-23548","1":"product","2":"type-product","3":"status-publish","4":"has-post-thumbnail","6":"product_cat-lavagem","7":"product_tag-nextzett","9":"entry","10":"has-media","12":"first","13":"onbackorder","14":"taxable","15":"shipping-taxable","16":"product-type-simple","17":"has-product-nav","18":"col","19":"span_1_of_4","20":"owp-content-center","21":"item-entry","22":"owp-thumbs-layout-horizontal","23":"owp-btn-normal","24":"owp-tabs-layout-vertical","25":"has-no-thumbnails"},"_links":{"self":[{"href":"https:\/\/www.comertim.pt\/new\/wp-json\/wp\/v2\/product\/23548","targetHints":{"allow":["GET"]}}],"collection":[{"href":"https:\/\/www.comertim.pt\/new\/wp-json\/wp\/v2\/product"}],"about":[{"href":"https:\/\/www.comertim.pt\/new\/wp-json\/wp\/v2\/types\/product"}],"wp:featuredmedia":[{"embeddable":true,"href":"https:\/\/www.comertim.pt\/new\/wp-json\/wp\/v2\/media\/550003038"}],"wp:attachment":[{"href":"https:\/\/www.comertim.pt\/new\/wp-json\/wp\/v2\/media?parent=23548"}],"wp:term":[{"taxonomy":"product_brand","embeddable":true,"href":"https:\/\/www.comertim.pt\/new\/wp-json\/wp\/v2\/product_brand?post=23548"},{"taxonomy":"product_cat","embeddable":true,"href":"https:\/\/www.comertim.pt\/new\/wp-json\/wp\/v2\/product_cat?post=23548"},{"taxonomy":"product_tag","embeddable":true,"href":"https:\/\/www.comertim.pt\/new\/wp-json\/wp\/v2\/product_tag?post=23548"}],"curies":[{"name":"wp","href":"https:\/\/api.w.org\/{rel}","templated":true}]}}