{"id":23544,"date":"2022-08-24T11:07:19","date_gmt":"2022-08-24T10:07:19","guid":{"rendered":"http:\/\/localhost\/virtualimit\/produto\/nextzett-kunststoff-int-pflege-10l-trat-plasticos-91471615\/"},"modified":"2025-04-09T17:43:42","modified_gmt":"2025-04-09T16:43:42","slug":"nextzett-kunststoff-int-pflege-10l-trat-plasticos-91471615","status":"publish","type":"product","link":"https:\/\/www.comertim.pt\/new\/produto\/nextzett-kunststoff-int-pflege-10l-trat-plasticos-91471615\/","title":{"rendered":"NEXTZETT KUNSTSTOFF INT. PFLEGE 10L TRAT.PLASTICOS 91471615"},"content":{"rendered":"<p>Produto destinado a revitalizar os pl\u00e1sticos secos pelos raios UV e poeiras. Este produto tem o poder de dar ao pl\u00e1stico o brilho natural. IMPORTANTE: A aplica\u00e7\u00e3o deste produto deve ser feita com o carro seco e lavado na zona a aplicar. Para um melhor des<\/p>\n","protected":false},"excerpt":{"rendered":"<p>Produto destinado a revitalizar os pl\u00e1sticos secos pelos raios UV e poeiras. Este produto tem o poder de dar ao pl\u00e1stico o brilho natural. IMPORTANTE: A aplica\u00e7\u00e3o deste produto deve ser feita com o carro seco e lavado na zona a aplicar. Para um melhor des<\/p>\n","protected":false},"featured_media":550003042,"template":"","meta":[],"product_brand":[],"product_cat":[516],"product_tag":[1079],"class_list":{"0":"post-23544","1":"product","2":"type-product","3":"status-publish","4":"has-post-thumbnail","6":"product_cat-plasticos","7":"product_tag-nextzett","9":"entry","10":"has-media","12":"first","13":"onbackorder","14":"taxable","15":"shipping-taxable","16":"product-type-simple","17":"has-product-nav","18":"col","19":"span_1_of_4","20":"owp-content-center","21":"item-entry","22":"owp-thumbs-layout-horizontal","23":"owp-btn-normal","24":"owp-tabs-layout-vertical","25":"has-no-thumbnails"},"_links":{"self":[{"href":"https:\/\/www.comertim.pt\/new\/wp-json\/wp\/v2\/product\/23544","targetHints":{"allow":["GET"]}}],"collection":[{"href":"https:\/\/www.comertim.pt\/new\/wp-json\/wp\/v2\/product"}],"about":[{"href":"https:\/\/www.comertim.pt\/new\/wp-json\/wp\/v2\/types\/product"}],"wp:featuredmedia":[{"embeddable":true,"href":"https:\/\/www.comertim.pt\/new\/wp-json\/wp\/v2\/media\/550003042"}],"wp:attachment":[{"href":"https:\/\/www.comertim.pt\/new\/wp-json\/wp\/v2\/media?parent=23544"}],"wp:term":[{"taxonomy":"product_brand","embeddable":true,"href":"https:\/\/www.comertim.pt\/new\/wp-json\/wp\/v2\/product_brand?post=23544"},{"taxonomy":"product_cat","embeddable":true,"href":"https:\/\/www.comertim.pt\/new\/wp-json\/wp\/v2\/product_cat?post=23544"},{"taxonomy":"product_tag","embeddable":true,"href":"https:\/\/www.comertim.pt\/new\/wp-json\/wp\/v2\/product_tag?post=23544"}],"curies":[{"name":"wp","href":"https:\/\/api.w.org\/{rel}","templated":true}]}}