{"id":23542,"date":"2022-08-24T11:07:18","date_gmt":"2022-08-24T10:07:18","guid":{"rendered":"http:\/\/localhost\/virtualimit\/produto\/nextzett-anti-insekt-500ml-91391215\/"},"modified":"2025-04-09T17:43:42","modified_gmt":"2025-04-09T16:43:42","slug":"nextzett-anti-insekt-500ml-91391215","status":"publish","type":"product","link":"https:\/\/www.comertim.pt\/new\/produto\/nextzett-anti-insekt-500ml-91391215\/","title":{"rendered":"NEXTZETT ANTI-INSEKT 500ML 91391215"},"content":{"rendered":"<p>nextzett Anti Insect Bug + Sap Remover \u00e9 um concentrado alcalino de limpeza \u00e0 base de  surfactantes ani\u00f4nicos e n\u00e3o-i\u00f4nicos. Ele pode ser usado como um pr\u00e9-limpador para  dissolver insetos e contaminantes comuns, como excesso de enchimento de tanques, res<\/p>\n","protected":false},"excerpt":{"rendered":"<p>nextzett Anti Insect Bug + Sap Remover \u00e9 um concentrado alcalino de limpeza \u00e0 base de surfactantes ani\u00f4nicos e n\u00e3o-i\u00f4nicos. Ele pode ser usado como um pr\u00e9-limpador para dissolver insetos e contaminantes comuns, como excesso de enchimento de tanques, res<\/p>\n","protected":false},"featured_media":550003044,"template":"","meta":[],"product_brand":[],"product_cat":[493],"product_tag":[1079],"class_list":{"0":"post-23542","1":"product","2":"type-product","3":"status-publish","4":"has-post-thumbnail","6":"product_cat-lavagem","7":"product_tag-nextzett","9":"entry","10":"has-media","12":"first","13":"onbackorder","14":"taxable","15":"shipping-taxable","16":"product-type-simple","17":"has-product-nav","18":"col","19":"span_1_of_4","20":"owp-content-center","21":"item-entry","22":"owp-thumbs-layout-horizontal","23":"owp-btn-normal","24":"owp-tabs-layout-vertical","25":"has-no-thumbnails"},"_links":{"self":[{"href":"https:\/\/www.comertim.pt\/new\/wp-json\/wp\/v2\/product\/23542","targetHints":{"allow":["GET"]}}],"collection":[{"href":"https:\/\/www.comertim.pt\/new\/wp-json\/wp\/v2\/product"}],"about":[{"href":"https:\/\/www.comertim.pt\/new\/wp-json\/wp\/v2\/types\/product"}],"wp:featuredmedia":[{"embeddable":true,"href":"https:\/\/www.comertim.pt\/new\/wp-json\/wp\/v2\/media\/550003044"}],"wp:attachment":[{"href":"https:\/\/www.comertim.pt\/new\/wp-json\/wp\/v2\/media?parent=23542"}],"wp:term":[{"taxonomy":"product_brand","embeddable":true,"href":"https:\/\/www.comertim.pt\/new\/wp-json\/wp\/v2\/product_brand?post=23542"},{"taxonomy":"product_cat","embeddable":true,"href":"https:\/\/www.comertim.pt\/new\/wp-json\/wp\/v2\/product_cat?post=23542"},{"taxonomy":"product_tag","embeddable":true,"href":"https:\/\/www.comertim.pt\/new\/wp-json\/wp\/v2\/product_tag?post=23542"}],"curies":[{"name":"wp","href":"https:\/\/api.w.org\/{rel}","templated":true}]}}