{"id":23539,"date":"2022-08-24T11:07:17","date_gmt":"2022-08-24T10:07:17","guid":{"rendered":"http:\/\/localhost\/virtualimit\/produto\/rupes-polidora-electrica-c-6-vel-lh22en\/"},"modified":"2025-04-09T17:43:43","modified_gmt":"2025-04-09T16:43:43","slug":"rupes-polidora-electrica-c-6-vel-lh22en","status":"publish","type":"product","link":"https:\/\/www.comertim.pt\/new\/produto\/rupes-polidora-electrica-c-6-vel-lh22en\/","title":{"rendered":"RUPES POLIDORA ELECTRICA C\/6 VEL.LH22EN &#8211; Maquina de exposi\u00e7\u00e3o"},"content":{"rendered":"<p>Maquina de exposi\u00e7\u00e3o, sem caixa<\/p>\n<p>\u00d8 m\u00e1x. do suporte (mm) 200<\/p>\n<p>Pot\u00eancia (W) 1020<\/p>\n<p>Rota\u00e7\u00f5es (R. P. M.) 900\u00f72000<\/p>\n<p>Peso (Kg) 3,300<\/p>\n<p>Controlo de velocidade (soft star) \u2022<\/p>\n<p>Bot\u00e3o bloqueador prato \u2022<\/p>\n<p>Punho lateral \u2022<\/p>\n<p>Protec\u00e7\u00e3o lateral \u2022<\/p>\n<p>Escova 47.70<\/p>\n","protected":false},"excerpt":{"rendered":"<p>Maquina de exposi\u00e7\u00e3o, sem caixa \u00d8 m\u00e1x. do suporte (mm) 200 Pot\u00eancia (W) 1020 Rota\u00e7\u00f5es (R. P. M.) 900\u00f72000 Peso (Kg) 3,300 Controlo de velocidade (soft star) \u2022 Bot\u00e3o bloqueador prato \u2022 Punho lateral \u2022 Protec\u00e7\u00e3o lateral \u2022 Escova 47.70<\/p>\n","protected":false},"featured_media":550003047,"template":"","meta":[],"product_brand":[],"product_cat":[478],"product_tag":[1036],"class_list":{"0":"post-23539","1":"product","2":"type-product","3":"status-publish","4":"has-post-thumbnail","6":"product_cat-equipamento","7":"product_tag-rupes","9":"entry","10":"has-media","12":"first","13":"instock","14":"taxable","15":"shipping-taxable","16":"product-type-simple","17":"has-product-nav","18":"col","19":"span_1_of_4","20":"owp-content-center","21":"item-entry","22":"owp-thumbs-layout-horizontal","23":"owp-btn-normal","24":"owp-tabs-layout-vertical","25":"has-no-thumbnails"},"_links":{"self":[{"href":"https:\/\/www.comertim.pt\/new\/wp-json\/wp\/v2\/product\/23539","targetHints":{"allow":["GET"]}}],"collection":[{"href":"https:\/\/www.comertim.pt\/new\/wp-json\/wp\/v2\/product"}],"about":[{"href":"https:\/\/www.comertim.pt\/new\/wp-json\/wp\/v2\/types\/product"}],"wp:featuredmedia":[{"embeddable":true,"href":"https:\/\/www.comertim.pt\/new\/wp-json\/wp\/v2\/media\/550003047"}],"wp:attachment":[{"href":"https:\/\/www.comertim.pt\/new\/wp-json\/wp\/v2\/media?parent=23539"}],"wp:term":[{"taxonomy":"product_brand","embeddable":true,"href":"https:\/\/www.comertim.pt\/new\/wp-json\/wp\/v2\/product_brand?post=23539"},{"taxonomy":"product_cat","embeddable":true,"href":"https:\/\/www.comertim.pt\/new\/wp-json\/wp\/v2\/product_cat?post=23539"},{"taxonomy":"product_tag","embeddable":true,"href":"https:\/\/www.comertim.pt\/new\/wp-json\/wp\/v2\/product_tag?post=23539"}],"curies":[{"name":"wp","href":"https:\/\/api.w.org\/{rel}","templated":true}]}}