{"id":23538,"date":"2022-08-24T11:07:17","date_gmt":"2022-08-24T10:07:17","guid":{"rendered":"http:\/\/localhost\/virtualimit\/produto\/rupes-polidora-electrica-lh18ens\/"},"modified":"2025-04-09T17:43:43","modified_gmt":"2025-04-09T16:43:43","slug":"rupes-polidora-electrica-lh18ens","status":"publish","type":"product","link":"https:\/\/www.comertim.pt\/new\/produto\/rupes-polidora-electrica-lh18ens\/","title":{"rendered":"RUPES POLIDORA ELECTRICA LH18ENS"},"content":{"rendered":"<p>\u00d8 m\u00e1x. do disco (mm) 200<br \/>\nPot\u00eancia (W) 1100<br \/>\nRota\u00e7\u00f5es (R. P. M.) 750\u00f71850<br \/>\nPeso (Kg) 2,000<br \/>\nControlo de velocidade \u2022<br \/>\nPunho lateral \u2022<br \/>\nProtec\u00e7\u00e3o lateral \u2022<br \/>\nEscova 47.105<\/p>\n","protected":false},"excerpt":{"rendered":"<p>\u00d8 m\u00e1x. do disco (mm) 200 Pot\u00eancia (W) 1100 Rota\u00e7\u00f5es (R. P. M.) 750\u00f71850 Peso (Kg) 2,000 Controlo de velocidade \u2022 Punho lateral \u2022 Protec\u00e7\u00e3o lateral \u2022 Escova 47.105<\/p>\n","protected":false},"featured_media":550003048,"template":"","meta":[],"product_brand":[],"product_cat":[478],"product_tag":[1036],"class_list":{"0":"post-23538","1":"product","2":"type-product","3":"status-publish","4":"has-post-thumbnail","6":"product_cat-equipamento","7":"product_tag-rupes","9":"entry","10":"has-media","12":"first","13":"instock","14":"taxable","15":"shipping-taxable","16":"product-type-simple","17":"has-product-nav","18":"col","19":"span_1_of_4","20":"owp-content-center","21":"item-entry","22":"owp-thumbs-layout-horizontal","23":"owp-btn-normal","24":"owp-tabs-layout-vertical","25":"has-no-thumbnails"},"_links":{"self":[{"href":"https:\/\/www.comertim.pt\/new\/wp-json\/wp\/v2\/product\/23538","targetHints":{"allow":["GET"]}}],"collection":[{"href":"https:\/\/www.comertim.pt\/new\/wp-json\/wp\/v2\/product"}],"about":[{"href":"https:\/\/www.comertim.pt\/new\/wp-json\/wp\/v2\/types\/product"}],"wp:featuredmedia":[{"embeddable":true,"href":"https:\/\/www.comertim.pt\/new\/wp-json\/wp\/v2\/media\/550003048"}],"wp:attachment":[{"href":"https:\/\/www.comertim.pt\/new\/wp-json\/wp\/v2\/media?parent=23538"}],"wp:term":[{"taxonomy":"product_brand","embeddable":true,"href":"https:\/\/www.comertim.pt\/new\/wp-json\/wp\/v2\/product_brand?post=23538"},{"taxonomy":"product_cat","embeddable":true,"href":"https:\/\/www.comertim.pt\/new\/wp-json\/wp\/v2\/product_cat?post=23538"},{"taxonomy":"product_tag","embeddable":true,"href":"https:\/\/www.comertim.pt\/new\/wp-json\/wp\/v2\/product_tag?post=23538"}],"curies":[{"name":"wp","href":"https:\/\/api.w.org\/{rel}","templated":true}]}}