{"id":23532,"date":"2022-08-24T11:07:16","date_gmt":"2022-08-24T10:07:16","guid":{"rendered":"http:\/\/localhost\/virtualimit\/produto\/nextzett-acrysol-silikonentferner-10l-91011115-desengordur\/"},"modified":"2025-04-09T17:43:43","modified_gmt":"2025-04-09T16:43:43","slug":"nextzett-acrysol-silikonentferner-10l-91011115-desengordur","status":"publish","type":"product","link":"https:\/\/www.comertim.pt\/new\/produto\/nextzett-acrysol-silikonentferner-10l-91011115-desengordur\/","title":{"rendered":"NEXTZETT ACRYSOL SILIKONENTFERNER 10L 91011115 DESENGORDUR."},"content":{"rendered":"<p>Produto de limpeza especial. Limpa em pormenor as superf\u00edcies dos autom\u00f3veis novos e usados eliminando o silicone neles existente. Elimina sem deixar res\u00edduos, ceras, \u00f3leos, polimentos, restos de cola, betume, material de protec\u00e7\u00e3o aplicado nas partes de<\/p>\n","protected":false},"excerpt":{"rendered":"<p>Produto de limpeza especial. Limpa em pormenor as superf\u00edcies dos autom\u00f3veis novos e usados eliminando o silicone neles existente. Elimina sem deixar res\u00edduos, ceras, \u00f3leos, polimentos, restos de cola, betume, material de protec\u00e7\u00e3o aplicado nas partes de<\/p>\n","protected":false},"featured_media":550003053,"template":"","meta":[],"product_brand":[],"product_cat":[527],"product_tag":[1079],"class_list":{"0":"post-23532","1":"product","2":"type-product","3":"status-publish","4":"has-post-thumbnail","6":"product_cat-preparacao-pintura","7":"product_tag-nextzett","9":"entry","10":"has-media","12":"first","13":"onbackorder","14":"taxable","15":"shipping-taxable","16":"product-type-simple","17":"has-product-nav","18":"col","19":"span_1_of_4","20":"owp-content-center","21":"item-entry","22":"owp-thumbs-layout-horizontal","23":"owp-btn-normal","24":"owp-tabs-layout-vertical","25":"has-no-thumbnails"},"_links":{"self":[{"href":"https:\/\/www.comertim.pt\/new\/wp-json\/wp\/v2\/product\/23532","targetHints":{"allow":["GET"]}}],"collection":[{"href":"https:\/\/www.comertim.pt\/new\/wp-json\/wp\/v2\/product"}],"about":[{"href":"https:\/\/www.comertim.pt\/new\/wp-json\/wp\/v2\/types\/product"}],"wp:featuredmedia":[{"embeddable":true,"href":"https:\/\/www.comertim.pt\/new\/wp-json\/wp\/v2\/media\/550003053"}],"wp:attachment":[{"href":"https:\/\/www.comertim.pt\/new\/wp-json\/wp\/v2\/media?parent=23532"}],"wp:term":[{"taxonomy":"product_brand","embeddable":true,"href":"https:\/\/www.comertim.pt\/new\/wp-json\/wp\/v2\/product_brand?post=23532"},{"taxonomy":"product_cat","embeddable":true,"href":"https:\/\/www.comertim.pt\/new\/wp-json\/wp\/v2\/product_cat?post=23532"},{"taxonomy":"product_tag","embeddable":true,"href":"https:\/\/www.comertim.pt\/new\/wp-json\/wp\/v2\/product_tag?post=23532"}],"curies":[{"name":"wp","href":"https:\/\/api.w.org\/{rel}","templated":true}]}}