{"id":23491,"date":"2022-08-24T11:07:08","date_gmt":"2022-08-24T10:07:08","guid":{"rendered":"http:\/\/localhost\/virtualimit\/produto\/rupes-lixadeira-rh359a-pneum-r-orb-c-asp-9mm\/"},"modified":"2025-04-09T17:43:45","modified_gmt":"2025-04-09T16:43:45","slug":"rupes-lixadeira-rh359a-pneum-r-orb-c-asp-9mm","status":"publish","type":"product","link":"https:\/\/www.comertim.pt\/new\/produto\/rupes-lixadeira-rh359a-pneum-r-orb-c-asp-9mm\/","title":{"rendered":"RUPES LIXADEIRA RH359A PNEUM.R.ORB.C\/ASP 9MM"},"content":{"rendered":"<p>Lixadeira roto-orbital<br \/>\n\u00d8 do prato de velcro (mm) 150<br \/>\n\u00d8 da \u00f3rbita (mm) 9<br \/>\nPress\u00e3o (Bar)  6,2<br \/>\nRota\u00e7\u00f5es (R. P. M.)  0\u00f79,500<br \/>\nPeso (Kg)  0,800<br \/>\nM\u00e1x. consumo de ar (L\/min.)370<br \/>\nControlo de velocidade \u2022 \u2022 \u2022<br \/>\nPrato 981.500<\/p>\n","protected":false},"excerpt":{"rendered":"<p>Lixadeira roto-orbital \u00d8 do prato de velcro (mm) 150 \u00d8 da \u00f3rbita (mm) 9 Press\u00e3o (Bar) 6,2 Rota\u00e7\u00f5es (R. P. M.) 0\u00f79,500 Peso (Kg) 0,800 M\u00e1x. consumo de ar (L\/min.)370 Controlo de velocidade \u2022 \u2022 \u2022 Prato 981.500<\/p>\n","protected":false},"featured_media":550003094,"template":"","meta":[],"product_brand":[],"product_cat":[478],"product_tag":[1036],"class_list":{"0":"post-23491","1":"product","2":"type-product","3":"status-publish","4":"has-post-thumbnail","6":"product_cat-equipamento","7":"product_tag-rupes","9":"entry","10":"has-media","12":"first","13":"instock","14":"taxable","15":"shipping-taxable","16":"product-type-simple","17":"has-product-nav","18":"col","19":"span_1_of_4","20":"owp-content-center","21":"item-entry","22":"owp-thumbs-layout-horizontal","23":"owp-btn-normal","24":"owp-tabs-layout-vertical","25":"has-no-thumbnails"},"_links":{"self":[{"href":"https:\/\/www.comertim.pt\/new\/wp-json\/wp\/v2\/product\/23491","targetHints":{"allow":["GET"]}}],"collection":[{"href":"https:\/\/www.comertim.pt\/new\/wp-json\/wp\/v2\/product"}],"about":[{"href":"https:\/\/www.comertim.pt\/new\/wp-json\/wp\/v2\/types\/product"}],"wp:featuredmedia":[{"embeddable":true,"href":"https:\/\/www.comertim.pt\/new\/wp-json\/wp\/v2\/media\/550003094"}],"wp:attachment":[{"href":"https:\/\/www.comertim.pt\/new\/wp-json\/wp\/v2\/media?parent=23491"}],"wp:term":[{"taxonomy":"product_brand","embeddable":true,"href":"https:\/\/www.comertim.pt\/new\/wp-json\/wp\/v2\/product_brand?post=23491"},{"taxonomy":"product_cat","embeddable":true,"href":"https:\/\/www.comertim.pt\/new\/wp-json\/wp\/v2\/product_cat?post=23491"},{"taxonomy":"product_tag","embeddable":true,"href":"https:\/\/www.comertim.pt\/new\/wp-json\/wp\/v2\/product_tag?post=23491"}],"curies":[{"name":"wp","href":"https:\/\/api.w.org\/{rel}","templated":true}]}}