{"id":23489,"date":"2022-08-24T11:07:08","date_gmt":"2022-08-24T10:07:08","guid":{"rendered":"http:\/\/localhost\/virtualimit\/produto\/rupes-lixadeira-sspf-elect-pl-c-asp-velcro\/"},"modified":"2025-04-09T17:43:45","modified_gmt":"2025-04-09T16:43:45","slug":"rupes-lixadeira-sspf-elect-pl-c-asp-velcro","status":"publish","type":"product","link":"https:\/\/www.comertim.pt\/new\/produto\/rupes-lixadeira-sspf-elect-pl-c-asp-velcro\/","title":{"rendered":"RUPES LIXADEIRA SSPF-VR ELECT. PL. C\/ ASP. VELCRO"},"content":{"rendered":"<p>Tamanho do suporte (mm) 115&#215;210<br \/>\n\u00d8 da \u00f3rbita (mm) 5<br \/>\nPot\u00eancia (W) 350<br \/>\nRota\u00e7\u00f5es (R. P. M.) 6000<br \/>\nPeso (Kg) 3,600<br \/>\nClip para lixa \u2022<br \/>\nBase Velcro<br \/>\nPrato 983.002<br \/>\nEscova 47.45<\/p>\n","protected":false},"excerpt":{"rendered":"<p>Tamanho do suporte (mm) 115&#215;210 \u00d8 da \u00f3rbita (mm) 5 Pot\u00eancia (W) 350 Rota\u00e7\u00f5es (R. P. M.) 6000 Peso (Kg) 3,600 Clip para lixa \u2022 Base Velcro Prato 983.002 Escova 47.45<\/p>\n","protected":false},"featured_media":550003096,"template":"","meta":[],"product_brand":[],"product_cat":[478],"product_tag":[1036],"class_list":{"0":"post-23489","1":"product","2":"type-product","3":"status-publish","4":"has-post-thumbnail","6":"product_cat-equipamento","7":"product_tag-rupes","9":"entry","10":"has-media","12":"first","13":"instock","14":"taxable","15":"shipping-taxable","16":"product-type-simple","17":"has-product-nav","18":"col","19":"span_1_of_4","20":"owp-content-center","21":"item-entry","22":"owp-thumbs-layout-horizontal","23":"owp-btn-normal","24":"owp-tabs-layout-vertical","25":"has-no-thumbnails"},"_links":{"self":[{"href":"https:\/\/www.comertim.pt\/new\/wp-json\/wp\/v2\/product\/23489","targetHints":{"allow":["GET"]}}],"collection":[{"href":"https:\/\/www.comertim.pt\/new\/wp-json\/wp\/v2\/product"}],"about":[{"href":"https:\/\/www.comertim.pt\/new\/wp-json\/wp\/v2\/types\/product"}],"wp:featuredmedia":[{"embeddable":true,"href":"https:\/\/www.comertim.pt\/new\/wp-json\/wp\/v2\/media\/550003096"}],"wp:attachment":[{"href":"https:\/\/www.comertim.pt\/new\/wp-json\/wp\/v2\/media?parent=23489"}],"wp:term":[{"taxonomy":"product_brand","embeddable":true,"href":"https:\/\/www.comertim.pt\/new\/wp-json\/wp\/v2\/product_brand?post=23489"},{"taxonomy":"product_cat","embeddable":true,"href":"https:\/\/www.comertim.pt\/new\/wp-json\/wp\/v2\/product_cat?post=23489"},{"taxonomy":"product_tag","embeddable":true,"href":"https:\/\/www.comertim.pt\/new\/wp-json\/wp\/v2\/product_tag?post=23489"}],"curies":[{"name":"wp","href":"https:\/\/api.w.org\/{rel}","templated":true}]}}