{"id":23478,"date":"2022-08-24T11:07:06","date_gmt":"2022-08-24T10:07:06","guid":{"rendered":"http:\/\/localhost\/virtualimit\/produto\/n-fita-papel-lisa-quality-48mmx50mt-78072760601\/"},"modified":"2025-04-09T17:43:45","modified_gmt":"2025-04-09T16:43:45","slug":"n-fita-papel-lisa-quality-48mmx50mt-78072760601","status":"publish","type":"product","link":"https:\/\/www.comertim.pt\/new\/produto\/n-fita-papel-lisa-quality-48mmx50mt-78072760601\/","title":{"rendered":"N-FITA PAPEL LISA QUALITY 48MMX50MT 78072760601"},"content":{"rendered":"<p>\u2022 Indicada para aplica\u00e7\u00f5es exigentes, superf\u00edcies irregulares e com contornos, a fita Premium Norton evita escorridos ou infiltra\u00e7\u00f5es e n\u00e3o deixa res\u00edduos quando removida<br \/>\n\u2022 Excelente ader\u00eancia em todos os tipos de superf\u00edcies, gra\u00e7as ao suporte adesivo de<\/p>\n","protected":false},"excerpt":{"rendered":"<p>\u2022 Indicada para aplica\u00e7\u00f5es exigentes, superf\u00edcies irregulares e com contornos, a fita Premium Norton evita escorridos ou infiltra\u00e7\u00f5es e n\u00e3o deixa res\u00edduos quando removida \u2022 Excelente ader\u00eancia em todos os tipos de superf\u00edcies, gra\u00e7as ao suporte adesivo de<\/p>\n","protected":false},"featured_media":550003101,"template":"","meta":[],"product_brand":[],"product_cat":[527],"product_tag":[1044],"class_list":{"0":"post-23478","1":"product","2":"type-product","3":"status-publish","4":"has-post-thumbnail","6":"product_cat-preparacao-pintura","7":"product_tag-norton","9":"entry","10":"has-media","12":"first","13":"instock","14":"taxable","15":"shipping-taxable","16":"product-type-simple","17":"has-product-nav","18":"col","19":"span_1_of_4","20":"owp-content-center","21":"item-entry","22":"owp-thumbs-layout-horizontal","23":"owp-btn-normal","24":"owp-tabs-layout-vertical","25":"has-no-thumbnails"},"_links":{"self":[{"href":"https:\/\/www.comertim.pt\/new\/wp-json\/wp\/v2\/product\/23478","targetHints":{"allow":["GET"]}}],"collection":[{"href":"https:\/\/www.comertim.pt\/new\/wp-json\/wp\/v2\/product"}],"about":[{"href":"https:\/\/www.comertim.pt\/new\/wp-json\/wp\/v2\/types\/product"}],"wp:featuredmedia":[{"embeddable":true,"href":"https:\/\/www.comertim.pt\/new\/wp-json\/wp\/v2\/media\/550003101"}],"wp:attachment":[{"href":"https:\/\/www.comertim.pt\/new\/wp-json\/wp\/v2\/media?parent=23478"}],"wp:term":[{"taxonomy":"product_brand","embeddable":true,"href":"https:\/\/www.comertim.pt\/new\/wp-json\/wp\/v2\/product_brand?post=23478"},{"taxonomy":"product_cat","embeddable":true,"href":"https:\/\/www.comertim.pt\/new\/wp-json\/wp\/v2\/product_cat?post=23478"},{"taxonomy":"product_tag","embeddable":true,"href":"https:\/\/www.comertim.pt\/new\/wp-json\/wp\/v2\/product_tag?post=23478"}],"curies":[{"name":"wp","href":"https:\/\/api.w.org\/{rel}","templated":true}]}}