{"id":23455,"date":"2022-08-24T11:07:02","date_gmt":"2022-08-24T10:07:02","guid":{"rendered":"http:\/\/localhost\/virtualimit\/produto\/farecla-massa-g360-compound-1kg-sfc101-t-vermelha\/"},"modified":"2025-04-09T17:43:46","modified_gmt":"2025-04-09T16:43:46","slug":"farecla-massa-g360-compound-1kg-sfc101-t-vermelha","status":"publish","type":"product","link":"https:\/\/www.comertim.pt\/new\/produto\/farecla-massa-g360-compound-1kg-sfc101-t-vermelha\/","title":{"rendered":"FARECLA MASSA G360 COMPOUND 1KG SFC101 (T.VERMELHA)"},"content":{"rendered":"<div style=\"width: 1200px;\" class=\"wp-video\"><video class=\"wp-video-shortcode\" id=\"video-23455-1\" width=\"1200\" height=\"675\" preload=\"metadata\" controls=\"controls\"><source type=\"video\/mp4\" src=\"http:\/\/localhost\/wordpress\/..\/media\/Farecla-G360-Super-Fast-Compound-SFC101-p9tDe-l07Sw-720p-1711650024.mp4?_=1\" \/><a href=\"http:\/\/localhost\/wordpress\/..\/media\/Farecla-G360-Super-Fast-Compound-SFC101-p9tDe-l07Sw-720p-1711650024.mp4\">http:\/\/localhost\/wordpress\/..\/media\/Farecla-G360-Super-Fast-Compound-SFC101-p9tDe-l07Sw-720p-1711650024.mp4<\/a><\/video><\/div>\n<p>\u2022 N\u00e3o s\u00e3o precisos discos P3000 &#8211; elimina um processo e poupa dinheiro<\/p>\n<p>\u2022 A\u00e7\u00e3o de corte super r\u00e1pida &#8211; remove permanentemente as marcas de lixa P1500<\/p>\n<p>\u2022 Transparente na utiliza\u00e7\u00e3o &#8211; observe os riscos a serem removidos<\/p>\n<p>\u2022 Tecnologia de f\u00e1cil deslize &#8211; excelen<\/p>\n","protected":false},"excerpt":{"rendered":"<p>\u2022 N\u00e3o s\u00e3o precisos discos P3000 &#8211; elimina um processo e poupa dinheiro \u2022 A\u00e7\u00e3o de corte super r\u00e1pida &#8211; remove permanentemente as marcas de lixa P1500 \u2022 Transparente na utiliza\u00e7\u00e3o &#8211; observe os riscos a serem removidos \u2022 Tecnologia de f\u00e1cil deslize &#8211; excelen<\/p>\n","protected":false},"featured_media":550003114,"template":"","meta":[],"product_brand":[],"product_cat":[519],"product_tag":[1110],"class_list":{"0":"post-23455","1":"product","2":"type-product","3":"status-publish","4":"has-post-thumbnail","6":"product_cat-polimento","7":"product_tag-farecla","9":"entry","10":"has-media","12":"first","13":"instock","14":"taxable","15":"shipping-taxable","16":"product-type-simple","17":"has-product-nav","18":"col","19":"span_1_of_4","20":"owp-content-center","21":"item-entry","22":"owp-thumbs-layout-horizontal","23":"owp-btn-normal","24":"owp-tabs-layout-vertical","25":"has-no-thumbnails"},"_links":{"self":[{"href":"https:\/\/www.comertim.pt\/new\/wp-json\/wp\/v2\/product\/23455","targetHints":{"allow":["GET"]}}],"collection":[{"href":"https:\/\/www.comertim.pt\/new\/wp-json\/wp\/v2\/product"}],"about":[{"href":"https:\/\/www.comertim.pt\/new\/wp-json\/wp\/v2\/types\/product"}],"wp:featuredmedia":[{"embeddable":true,"href":"https:\/\/www.comertim.pt\/new\/wp-json\/wp\/v2\/media\/550003114"}],"wp:attachment":[{"href":"https:\/\/www.comertim.pt\/new\/wp-json\/wp\/v2\/media?parent=23455"}],"wp:term":[{"taxonomy":"product_brand","embeddable":true,"href":"https:\/\/www.comertim.pt\/new\/wp-json\/wp\/v2\/product_brand?post=23455"},{"taxonomy":"product_cat","embeddable":true,"href":"https:\/\/www.comertim.pt\/new\/wp-json\/wp\/v2\/product_cat?post=23455"},{"taxonomy":"product_tag","embeddable":true,"href":"https:\/\/www.comertim.pt\/new\/wp-json\/wp\/v2\/product_tag?post=23455"}],"curies":[{"name":"wp","href":"https:\/\/api.w.org\/{rel}","templated":true}]}}