{"id":23376,"date":"2022-08-24T11:06:40","date_gmt":"2022-08-24T10:06:40","guid":{"rendered":"http:\/\/localhost\/virtualimit\/produto\/n-disco-speedlock-tr-blaze-rapid-strip-100x0\/"},"modified":"2025-04-09T17:43:47","modified_gmt":"2025-04-09T16:43:47","slug":"n-disco-speedlock-tr-blaze-rapid-strip-100x0","status":"publish","type":"product","link":"https:\/\/www.comertim.pt\/new\/produto\/n-disco-speedlock-tr-blaze-rapid-strip-100x0\/","title":{"rendered":"N-DISCO ABRASIVO CLEAN STRIP 100MM SPEEDLOCK TR LARANJA"},"content":{"rendered":"<p>\u2022 Revestimento pesado de Norton SG Blaze em alum\u00ednio cer\u00e2mico com gr\u00e3os duradouros e aglomerante avan\u00e7ado de resina, que garante a dura\u00e7\u00e3o do disco at\u00e9 2x mais comparativamente com produtos concorrentes\u2022 Para m\u00faltiplas opera\u00e7\u00f5es como decapagem, limpeza e<\/p>\n","protected":false},"excerpt":{"rendered":"<p>\u2022 Revestimento pesado de Norton SG Blaze em alum\u00ednio cer\u00e2mico com gr\u00e3os duradouros e aglomerante avan\u00e7ado de resina, que garante a dura\u00e7\u00e3o do disco at\u00e9 2x mais comparativamente com produtos concorrentes\u2022 Para m\u00faltiplas opera\u00e7\u00f5es como decapagem, limpeza e<\/p>\n","protected":false},"featured_media":550003145,"template":"","meta":[],"product_brand":[],"product_cat":[1215],"product_tag":[1044],"class_list":{"0":"post-23376","1":"product","2":"type-product","3":"status-publish","4":"has-post-thumbnail","6":"product_cat-abrasivos","7":"product_tag-norton","9":"entry","10":"has-media","12":"first","13":"instock","14":"taxable","15":"shipping-taxable","16":"product-type-simple","17":"has-product-nav","18":"col","19":"span_1_of_4","20":"owp-content-center","21":"item-entry","22":"owp-thumbs-layout-horizontal","23":"owp-btn-normal","24":"owp-tabs-layout-vertical","25":"has-no-thumbnails"},"_links":{"self":[{"href":"https:\/\/www.comertim.pt\/new\/wp-json\/wp\/v2\/product\/23376","targetHints":{"allow":["GET"]}}],"collection":[{"href":"https:\/\/www.comertim.pt\/new\/wp-json\/wp\/v2\/product"}],"about":[{"href":"https:\/\/www.comertim.pt\/new\/wp-json\/wp\/v2\/types\/product"}],"wp:featuredmedia":[{"embeddable":true,"href":"https:\/\/www.comertim.pt\/new\/wp-json\/wp\/v2\/media\/550003145"}],"wp:attachment":[{"href":"https:\/\/www.comertim.pt\/new\/wp-json\/wp\/v2\/media?parent=23376"}],"wp:term":[{"taxonomy":"product_brand","embeddable":true,"href":"https:\/\/www.comertim.pt\/new\/wp-json\/wp\/v2\/product_brand?post=23376"},{"taxonomy":"product_cat","embeddable":true,"href":"https:\/\/www.comertim.pt\/new\/wp-json\/wp\/v2\/product_cat?post=23376"},{"taxonomy":"product_tag","embeddable":true,"href":"https:\/\/www.comertim.pt\/new\/wp-json\/wp\/v2\/product_tag?post=23376"}],"curies":[{"name":"wp","href":"https:\/\/api.w.org\/{rel}","templated":true}]}}