{"id":22984,"date":"2022-08-24T11:05:26","date_gmt":"2022-08-24T10:05:26","guid":{"rendered":"http:\/\/localhost\/virtualimit\/produto\/l-prim-05720-monoprimer-075l\/"},"modified":"2025-04-09T17:44:02","modified_gmt":"2025-04-09T16:44:02","slug":"l-prim-05720-monoprimer-075l","status":"publish","type":"product","link":"https:\/\/www.comertim.pt\/new\/produto\/l-prim-05720-monoprimer-075l\/","title":{"rendered":"L PRIM.05720 MONOPRIMER 0,75L"},"content":{"rendered":"<p>Washprimer monocomponente anticorrosivo, cinzento e isento de cromatos.<br \/>\nSecagem r\u00e1pida<br \/>\nExcelente ades\u00e3o a:<br \/>\n\u2022 ferro<br \/>\n\u2022 a\u00e7o inox<br \/>\n\u2022 ferro electrozincado e zincado a quente<br \/>\n\u2022 alum\u00ednio e seus derivados<br \/>\nExcelente protec\u00e7\u00e3o anticorrosiva<br \/>\nBoa soldabilidade<\/p>\n","protected":false},"excerpt":{"rendered":"<p>Washprimer monocomponente anticorrosivo, cinzento e isento de cromatos. Secagem r\u00e1pida Excelente ades\u00e3o a: \u2022 ferro \u2022 a\u00e7o inox \u2022 ferro electrozincado e zincado a quente \u2022 alum\u00ednio e seus derivados Excelente protec\u00e7\u00e3o anticorrosiva Boa soldabilidade<\/p>\n","protected":false},"featured_media":550003455,"template":"","meta":[],"product_brand":[],"product_cat":[444],"product_tag":[1001],"class_list":{"0":"post-22984","1":"product","2":"type-product","3":"status-publish","4":"has-post-thumbnail","6":"product_cat-aparelhos-e-primers","7":"product_tag-lechler_refinish","9":"entry","10":"has-media","12":"first","13":"instock","14":"taxable","15":"shipping-taxable","16":"product-type-simple","17":"has-product-nav","18":"col","19":"span_1_of_4","20":"owp-content-center","21":"item-entry","22":"owp-thumbs-layout-horizontal","23":"owp-btn-normal","24":"owp-tabs-layout-vertical","25":"has-no-thumbnails"},"_links":{"self":[{"href":"https:\/\/www.comertim.pt\/new\/wp-json\/wp\/v2\/product\/22984","targetHints":{"allow":["GET"]}}],"collection":[{"href":"https:\/\/www.comertim.pt\/new\/wp-json\/wp\/v2\/product"}],"about":[{"href":"https:\/\/www.comertim.pt\/new\/wp-json\/wp\/v2\/types\/product"}],"wp:featuredmedia":[{"embeddable":true,"href":"https:\/\/www.comertim.pt\/new\/wp-json\/wp\/v2\/media\/550003455"}],"wp:attachment":[{"href":"https:\/\/www.comertim.pt\/new\/wp-json\/wp\/v2\/media?parent=22984"}],"wp:term":[{"taxonomy":"product_brand","embeddable":true,"href":"https:\/\/www.comertim.pt\/new\/wp-json\/wp\/v2\/product_brand?post=22984"},{"taxonomy":"product_cat","embeddable":true,"href":"https:\/\/www.comertim.pt\/new\/wp-json\/wp\/v2\/product_cat?post=22984"},{"taxonomy":"product_tag","embeddable":true,"href":"https:\/\/www.comertim.pt\/new\/wp-json\/wp\/v2\/product_tag?post=22984"}],"curies":[{"name":"wp","href":"https:\/\/api.w.org\/{rel}","templated":true}]}}