{"id":22981,"date":"2022-08-24T11:05:25","date_gmt":"2022-08-24T10:05:25","guid":{"rendered":"http:\/\/localhost\/virtualimit\/produto\/bs-lixadeira-electrica-genio-150mm-5mm-es516-6-5\/"},"modified":"2025-04-09T17:44:02","modified_gmt":"2025-04-09T16:44:02","slug":"bs-lixadeira-electrica-genio-150mm-5mm-es516-6-5","status":"publish","type":"product","link":"https:\/\/www.comertim.pt\/new\/produto\/bs-lixadeira-electrica-genio-150mm-5mm-es516-6-5\/","title":{"rendered":"BS LIXADEIRA ELECTRICA GENIO 150MM 5MM ES516-6\/5"},"content":{"rendered":"<p>Baixo n\u00edvel de vibra\u00e7\u00e3o para reduzir a fadiga do operador.<br \/>\nTamanho da \u00f3rbita de 3 mm.<br \/>\nMandril multi-furos, livre de vibra\u00e7\u00e3o e r\u00e1pida extra\u00e7\u00e3o de poeira.<br \/>\nArranque suave.<br \/>\nGatilho para ajuste preciso da velocidade.<br \/>\nEstabilizador de velocidade integrado p<\/p>\n","protected":false},"excerpt":{"rendered":"<p>Baixo n\u00edvel de vibra\u00e7\u00e3o para reduzir a fadiga do operador. Tamanho da \u00f3rbita de 3 mm. Mandril multi-furos, livre de vibra\u00e7\u00e3o e r\u00e1pida extra\u00e7\u00e3o de poeira. Arranque suave. Gatilho para ajuste preciso da velocidade. Estabilizador de velocidade integrado p<\/p>\n","protected":false},"featured_media":550003458,"template":"","meta":[],"product_brand":[],"product_cat":[478],"product_tag":[1039],"class_list":{"0":"post-22981","1":"product","2":"type-product","3":"status-publish","4":"has-post-thumbnail","6":"product_cat-equipamento","7":"product_tag-genio","9":"entry","10":"has-media","12":"first","13":"instock","14":"taxable","15":"shipping-taxable","16":"product-type-simple","17":"has-product-nav","18":"col","19":"span_1_of_4","20":"owp-content-center","21":"item-entry","22":"owp-thumbs-layout-horizontal","23":"owp-btn-normal","24":"owp-tabs-layout-vertical","25":"has-no-thumbnails"},"_links":{"self":[{"href":"https:\/\/www.comertim.pt\/new\/wp-json\/wp\/v2\/product\/22981","targetHints":{"allow":["GET"]}}],"collection":[{"href":"https:\/\/www.comertim.pt\/new\/wp-json\/wp\/v2\/product"}],"about":[{"href":"https:\/\/www.comertim.pt\/new\/wp-json\/wp\/v2\/types\/product"}],"wp:featuredmedia":[{"embeddable":true,"href":"https:\/\/www.comertim.pt\/new\/wp-json\/wp\/v2\/media\/550003458"}],"wp:attachment":[{"href":"https:\/\/www.comertim.pt\/new\/wp-json\/wp\/v2\/media?parent=22981"}],"wp:term":[{"taxonomy":"product_brand","embeddable":true,"href":"https:\/\/www.comertim.pt\/new\/wp-json\/wp\/v2\/product_brand?post=22981"},{"taxonomy":"product_cat","embeddable":true,"href":"https:\/\/www.comertim.pt\/new\/wp-json\/wp\/v2\/product_cat?post=22981"},{"taxonomy":"product_tag","embeddable":true,"href":"https:\/\/www.comertim.pt\/new\/wp-json\/wp\/v2\/product_tag?post=22981"}],"curies":[{"name":"wp","href":"https:\/\/api.w.org\/{rel}","templated":true}]}}