{"id":22978,"date":"2022-08-24T11:05:25","date_gmt":"2022-08-24T10:05:25","guid":{"rendered":"http:\/\/localhost\/virtualimit\/produto\/bs-lixadeira-electrica-genio-150mm-25mm-sem-escovas\/"},"modified":"2025-04-09T17:44:02","modified_gmt":"2025-04-09T16:44:02","slug":"bs-lixadeira-electrica-genio-150mm-25mm-sem-escovas","status":"publish","type":"product","link":"https:\/\/www.comertim.pt\/new\/produto\/bs-lixadeira-electrica-genio-150mm-25mm-sem-escovas\/","title":{"rendered":"BS LIXADEIRA ELECTRICA GENIO 150MM 2,5MM (SEM ESCOVAS)"},"content":{"rendered":"<p>Lixadeira ergon\u00f4mica e silenciosa, projetada com baixo centro de gravidade para maior estabilidade.<br \/>\n\u00c9 compacto e muito leve.<br \/>\nMotor brushless de baixa manuten\u00e7\u00e3o.<br \/>\nMant\u00e9m o controle eletr\u00f4nico em velocidade constante, sob uma press\u00e3o m\u00e1xima de 20 kg.<br \/>\nNueve<\/p>\n","protected":false},"excerpt":{"rendered":"<p>Lixadeira ergon\u00f4mica e silenciosa, projetada com baixo centro de gravidade para maior estabilidade. \u00c9 compacto e muito leve. Motor brushless de baixa manuten\u00e7\u00e3o. Mant\u00e9m o controle eletr\u00f4nico em velocidade constante, sob uma press\u00e3o m\u00e1xima de 20 kg. Nueve<\/p>\n","protected":false},"featured_media":550003461,"template":"","meta":[],"product_brand":[],"product_cat":[478],"product_tag":[1039],"class_list":{"0":"post-22978","1":"product","2":"type-product","3":"status-publish","4":"has-post-thumbnail","6":"product_cat-equipamento","7":"product_tag-genio","9":"entry","10":"has-media","12":"first","13":"instock","14":"taxable","15":"shipping-taxable","16":"product-type-simple","17":"has-product-nav","18":"col","19":"span_1_of_4","20":"owp-content-center","21":"item-entry","22":"owp-thumbs-layout-horizontal","23":"owp-btn-normal","24":"owp-tabs-layout-vertical","25":"has-no-thumbnails"},"_links":{"self":[{"href":"https:\/\/www.comertim.pt\/new\/wp-json\/wp\/v2\/product\/22978","targetHints":{"allow":["GET"]}}],"collection":[{"href":"https:\/\/www.comertim.pt\/new\/wp-json\/wp\/v2\/product"}],"about":[{"href":"https:\/\/www.comertim.pt\/new\/wp-json\/wp\/v2\/types\/product"}],"wp:featuredmedia":[{"embeddable":true,"href":"https:\/\/www.comertim.pt\/new\/wp-json\/wp\/v2\/media\/550003461"}],"wp:attachment":[{"href":"https:\/\/www.comertim.pt\/new\/wp-json\/wp\/v2\/media?parent=22978"}],"wp:term":[{"taxonomy":"product_brand","embeddable":true,"href":"https:\/\/www.comertim.pt\/new\/wp-json\/wp\/v2\/product_brand?post=22978"},{"taxonomy":"product_cat","embeddable":true,"href":"https:\/\/www.comertim.pt\/new\/wp-json\/wp\/v2\/product_cat?post=22978"},{"taxonomy":"product_tag","embeddable":true,"href":"https:\/\/www.comertim.pt\/new\/wp-json\/wp\/v2\/product_tag?post=22978"}],"curies":[{"name":"wp","href":"https:\/\/api.w.org\/{rel}","templated":true}]}}