{"id":22969,"date":"2022-08-24T11:05:23","date_gmt":"2022-08-24T10:05:23","guid":{"rendered":"http:\/\/localhost\/virtualimit\/produto\/bs-lixadeira-pneumatica-genio-70x198-com-aspiracao\/"},"modified":"2025-04-09T17:44:02","modified_gmt":"2025-04-09T16:44:02","slug":"bs-lixadeira-pneumatica-genio-70x198-com-aspiracao","status":"publish","type":"product","link":"https:\/\/www.comertim.pt\/new\/produto\/bs-lixadeira-pneumatica-genio-70x198-com-aspiracao\/","title":{"rendered":"BS LIXADEIRA PNEUMATICA GENIO 70X198 COM ASPIRACAO"},"content":{"rendered":"<p>Lixadeira Pneum\u00e1tica de V\u00e1cuo Central de 70 mm x 196 mm que oferece \u00f3timo desempenho e excelente rela\u00e7\u00e3o custo \/ benef\u00edcio. Lixadeira muito leve. <\/p>\n<p>\u00d3rbita 3.2 mm<br \/>\nIncluindo placa de 70 x 196 mm com 54 furos:<br \/>\n\u00c9 compacto e muito leve.<br \/>\n\u00d3ptimo nivel de acabado<\/p>\n","protected":false},"excerpt":{"rendered":"<p>Lixadeira Pneum\u00e1tica de V\u00e1cuo Central de 70 mm x 196 mm que oferece \u00f3timo desempenho e excelente rela\u00e7\u00e3o custo \/ benef\u00edcio. Lixadeira muito leve. \u00d3rbita 3.2 mm Incluindo placa de 70 x 196 mm com 54 furos: \u00c9 compacto e muito leve. \u00d3ptimo nivel de acabado<\/p>\n","protected":false},"featured_media":550003470,"template":"","meta":[],"product_brand":[],"product_cat":[478],"product_tag":[1039],"class_list":{"0":"post-22969","1":"product","2":"type-product","3":"status-publish","4":"has-post-thumbnail","6":"product_cat-equipamento","7":"product_tag-genio","9":"entry","10":"has-media","12":"first","13":"instock","14":"taxable","15":"shipping-taxable","16":"product-type-simple","17":"has-product-nav","18":"col","19":"span_1_of_4","20":"owp-content-center","21":"item-entry","22":"owp-thumbs-layout-horizontal","23":"owp-btn-normal","24":"owp-tabs-layout-vertical","25":"has-no-thumbnails"},"_links":{"self":[{"href":"https:\/\/www.comertim.pt\/new\/wp-json\/wp\/v2\/product\/22969","targetHints":{"allow":["GET"]}}],"collection":[{"href":"https:\/\/www.comertim.pt\/new\/wp-json\/wp\/v2\/product"}],"about":[{"href":"https:\/\/www.comertim.pt\/new\/wp-json\/wp\/v2\/types\/product"}],"wp:featuredmedia":[{"embeddable":true,"href":"https:\/\/www.comertim.pt\/new\/wp-json\/wp\/v2\/media\/550003470"}],"wp:attachment":[{"href":"https:\/\/www.comertim.pt\/new\/wp-json\/wp\/v2\/media?parent=22969"}],"wp:term":[{"taxonomy":"product_brand","embeddable":true,"href":"https:\/\/www.comertim.pt\/new\/wp-json\/wp\/v2\/product_brand?post=22969"},{"taxonomy":"product_cat","embeddable":true,"href":"https:\/\/www.comertim.pt\/new\/wp-json\/wp\/v2\/product_cat?post=22969"},{"taxonomy":"product_tag","embeddable":true,"href":"https:\/\/www.comertim.pt\/new\/wp-json\/wp\/v2\/product_tag?post=22969"}],"curies":[{"name":"wp","href":"https:\/\/api.w.org\/{rel}","templated":true}]}}