{"id":22920,"date":"2022-08-24T11:05:15","date_gmt":"2022-08-24T10:05:15","guid":{"rendered":"http:\/\/localhost\/virtualimit\/produto\/bs-fita-colagem-emblemas-30x5-cm-10-tiras\/"},"modified":"2025-04-09T17:44:04","modified_gmt":"2025-04-09T16:44:04","slug":"bs-fita-colagem-emblemas-30x5-cm-10-tiras","status":"publish","type":"product","link":"https:\/\/www.comertim.pt\/new\/produto\/bs-fita-colagem-emblemas-30x5-cm-10-tiras\/","title":{"rendered":"BS FITA COLAGEM EMBLEMAS  30X5 CM (10 TIRAS)"},"content":{"rendered":"<p>Adesivo de cara dupla com transfer\u00eancia total da cola s\u00f3 sobre a parte que est\u00e1 em contato com ela. Especialmente concebido para a colagem de log\u00f3tipos e emblemas dos ve\u00edculos.\u00a0<\/p>\n","protected":false},"excerpt":{"rendered":"<p>Adesivo de cara dupla com transfer\u00eancia total da cola s\u00f3 sobre a parte que est\u00e1 em contato com ela. Especialmente concebido para a colagem de log\u00f3tipos e emblemas dos ve\u00edculos.\u00a0<\/p>\n","protected":false},"featured_media":550003515,"template":"","meta":[],"product_brand":[],"product_cat":[456],"product_tag":[1018],"class_list":{"0":"post-22920","1":"product","2":"type-product","3":"status-publish","4":"has-post-thumbnail","6":"product_cat-colas-e-selantes","7":"product_tag-bossauto","9":"entry","10":"has-media","12":"first","13":"instock","14":"taxable","15":"shipping-taxable","16":"product-type-simple","17":"has-product-nav","18":"col","19":"span_1_of_4","20":"owp-content-center","21":"item-entry","22":"owp-thumbs-layout-horizontal","23":"owp-btn-normal","24":"owp-tabs-layout-vertical","25":"has-no-thumbnails"},"_links":{"self":[{"href":"https:\/\/www.comertim.pt\/new\/wp-json\/wp\/v2\/product\/22920","targetHints":{"allow":["GET"]}}],"collection":[{"href":"https:\/\/www.comertim.pt\/new\/wp-json\/wp\/v2\/product"}],"about":[{"href":"https:\/\/www.comertim.pt\/new\/wp-json\/wp\/v2\/types\/product"}],"wp:featuredmedia":[{"embeddable":true,"href":"https:\/\/www.comertim.pt\/new\/wp-json\/wp\/v2\/media\/550003515"}],"wp:attachment":[{"href":"https:\/\/www.comertim.pt\/new\/wp-json\/wp\/v2\/media?parent=22920"}],"wp:term":[{"taxonomy":"product_brand","embeddable":true,"href":"https:\/\/www.comertim.pt\/new\/wp-json\/wp\/v2\/product_brand?post=22920"},{"taxonomy":"product_cat","embeddable":true,"href":"https:\/\/www.comertim.pt\/new\/wp-json\/wp\/v2\/product_cat?post=22920"},{"taxonomy":"product_tag","embeddable":true,"href":"https:\/\/www.comertim.pt\/new\/wp-json\/wp\/v2\/product_tag?post=22920"}],"curies":[{"name":"wp","href":"https:\/\/api.w.org\/{rel}","templated":true}]}}